{"id":4051845,"date":"2026-04-30T02:35:01","date_gmt":"2026-04-30T00:35:01","guid":{"rendered":"https:\/\/streetmarkets.fr\/app\/produit\/pantalon-raye-giolo-261-w-stripe-r\/"},"modified":"2026-05-08T02:47:31","modified_gmt":"2026-05-08T00:47:31","slug":"pantalon-raye-giolo-261-w-stripe-r","status":"publish","type":"product","link":"https:\/\/streetmarkets.fr\/app\/produit\/pantalon-raye-giolo-261-w-stripe-r\/","title":{"rendered":"Pantalon ray\u00e9 Giolo (261 \/ W \/ STRIPE R)"},"content":{"rendered":"<p>Pantalon en coton bleu clair \u00e0 fines rayures, avec taille \u00e9lastiqu\u00e9e et boutons d\u00e9coratifs sur le devant.<\/p>\n<ul>\n<li>Coupe d\u00e9contract\u00e9e, style pyjama<\/li>\n<li>Jambes droites<\/li>\n<li>Longueur totale<\/li>\n<li>Tissu en coton l\u00e9ger<\/li>\n<li>Taille \u00e9lastiqu\u00e9e avec cordon de serrage<\/li>\n<li>Poches sur les coutures lat\u00e9rales<\/li>\n<li>Poches passepoil\u00e9es \u00e0 l&#8217;arri\u00e8re<\/li>\n<li>Ensemble assorti avec la chemise ray\u00e9e Ginger<\/li>\n<\/ul>\n","protected":false},"excerpt":{"rendered":"<p>Pantalon en coton bleu clair \u00e0 fines rayures, avec taille \u00e9lastiqu\u00e9e et boutons d\u00e9coratifs sur le devant. Coupe d\u00e9contract\u00e9e, style pyjama Jambes droites Longueur totale Tissu en coton l\u00e9ger Taille \u00e9lastiqu\u00e9e avec cordon de serrage Poches sur les coutures lat\u00e9rales Poches passepoil\u00e9es \u00e0 l&#8217;arri\u00e8re Ensemble assorti avec la chemise ray\u00e9e Ginger<\/p>\n","protected":false},"featured_media":4101143,"comment_status":"open","ping_status":"closed","template":"","meta":[],"product_brand":[2529],"product_cat":[],"product_tag":[],"acf":[],"_links":{"self":[{"href":"https:\/\/streetmarkets.fr\/app\/wp-json\/wp\/v2\/product\/4051845"}],"collection":[{"href":"https:\/\/streetmarkets.fr\/app\/wp-json\/wp\/v2\/product"}],"about":[{"href":"https:\/\/streetmarkets.fr\/app\/wp-json\/wp\/v2\/types\/product"}],"replies":[{"embeddable":true,"href":"https:\/\/streetmarkets.fr\/app\/wp-json\/wp\/v2\/comments?post=4051845"}],"wp:featuredmedia":[{"embeddable":true,"href":"https:\/\/streetmarkets.fr\/app\/wp-json\/wp\/v2\/media\/4101143"}],"wp:attachment":[{"href":"https:\/\/streetmarkets.fr\/app\/wp-json\/wp\/v2\/media?parent=4051845"}],"wp:term":[{"taxonomy":"product_brand","embeddable":true,"href":"https:\/\/streetmarkets.fr\/app\/wp-json\/wp\/v2\/product_brand?post=4051845"},{"taxonomy":"product_cat","embeddable":true,"href":"https:\/\/streetmarkets.fr\/app\/wp-json\/wp\/v2\/product_cat?post=4051845"},{"taxonomy":"product_tag","embeddable":true,"href":"https:\/\/streetmarkets.fr\/app\/wp-json\/wp\/v2\/product_tag?post=4051845"}],"curies":[{"name":"wp","href":"https:\/\/api.w.org\/{rel}","templated":true}]}}