{"id":4051806,"date":"2026-04-30T02:34:48","date_gmt":"2026-04-30T00:34:48","guid":{"rendered":"https:\/\/streetmarkets.fr\/app\/produit\/echarpe-carree-sunn-261-w-check-a\/"},"modified":"2026-05-14T02:39:14","modified_gmt":"2026-05-14T00:39:14","slug":"echarpe-carree-sunn-261-w-check-a","status":"publish","type":"product","link":"https:\/\/streetmarkets.fr\/app\/produit\/echarpe-carree-sunn-261-w-check-a\/","title":{"rendered":"\u00c9charpe carr\u00e9e Sunn (261 \/ W \/ CHECK A)"},"content":{"rendered":"<p>\u00c9charpe carr\u00e9e l\u00e9g\u00e8re en laine, avec un imprim\u00e9 \u00e0 carreaux dans les tons rose et \u00e9cru sur l&#8217;ensemble.<\/p>\n<ul>\n<li>Foulard carr\u00e9<\/li>\n<li>Motif \u00e0 carreaux<\/li>\n<li>Dimensions : 120 x 120 cm<\/li>\n<li>Franges : 2 cm<\/li>\n<\/ul>\n","protected":false},"excerpt":{"rendered":"<p>\u00c9charpe carr\u00e9e l\u00e9g\u00e8re en laine, avec un imprim\u00e9 \u00e0 carreaux dans les tons rose et \u00e9cru sur l&#8217;ensemble. Foulard carr\u00e9 Motif \u00e0 carreaux Dimensions : 120 x 120 cm Franges : 2 cm<\/p>\n","protected":false},"featured_media":4133986,"comment_status":"open","ping_status":"closed","template":"","meta":[],"product_brand":[2529],"product_cat":[],"product_tag":[],"acf":[],"_links":{"self":[{"href":"https:\/\/streetmarkets.fr\/app\/wp-json\/wp\/v2\/product\/4051806"}],"collection":[{"href":"https:\/\/streetmarkets.fr\/app\/wp-json\/wp\/v2\/product"}],"about":[{"href":"https:\/\/streetmarkets.fr\/app\/wp-json\/wp\/v2\/types\/product"}],"replies":[{"embeddable":true,"href":"https:\/\/streetmarkets.fr\/app\/wp-json\/wp\/v2\/comments?post=4051806"}],"wp:featuredmedia":[{"embeddable":true,"href":"https:\/\/streetmarkets.fr\/app\/wp-json\/wp\/v2\/media\/4133986"}],"wp:attachment":[{"href":"https:\/\/streetmarkets.fr\/app\/wp-json\/wp\/v2\/media?parent=4051806"}],"wp:term":[{"taxonomy":"product_brand","embeddable":true,"href":"https:\/\/streetmarkets.fr\/app\/wp-json\/wp\/v2\/product_brand?post=4051806"},{"taxonomy":"product_cat","embeddable":true,"href":"https:\/\/streetmarkets.fr\/app\/wp-json\/wp\/v2\/product_cat?post=4051806"},{"taxonomy":"product_tag","embeddable":true,"href":"https:\/\/streetmarkets.fr\/app\/wp-json\/wp\/v2\/product_tag?post=4051806"}],"curies":[{"name":"wp","href":"https:\/\/api.w.org\/{rel}","templated":true}]}}