{"id":4051789,"date":"2026-04-30T02:34:46","date_gmt":"2026-04-30T00:34:46","guid":{"rendered":"https:\/\/streetmarkets.fr\/app\/produit\/sac-a-bandouliere-hoon-261-w-jeep\/"},"modified":"2026-05-10T02:50:51","modified_gmt":"2026-05-10T00:50:51","slug":"sac-a-bandouliere-hoon-261-w-jeep","status":"publish","type":"product","link":"https:\/\/streetmarkets.fr\/app\/produit\/sac-a-bandouliere-hoon-261-w-jeep\/","title":{"rendered":"Sac \u00e0 bandouli\u00e8re Hoon (261 \/ W \/ JEEP)"},"content":{"rendered":"<p>Sac \u00e0 bandouli\u00e8re en forme de lune, couleur kaki fonc\u00e9, en simili cuir rembourr\u00e9 kaki fonc\u00e9. Livr\u00e9 avec deux bandouli\u00e8res kaki r\u00e9glables et amovibles.<\/p>\n<ul>\n<li>2 bandouli\u00e8res kaki r\u00e9glables et amovibles<\/li>\n<li>Fermeture zipp\u00e9e sur le dessus avec deux fermetures \u00e9clair<\/li>\n<li>Doublure rembourr\u00e9e contrast\u00e9e<\/li>\n<li>Poche int\u00e9rieure<\/li>\n<li>Dimensions : 28 x 48 cm<\/li>\n<li>Longueur totale des sangles (longues) : 130 cm<\/li>\n<li>Longueur totale de la bandouli\u00e8re (courte) : 20 cm<\/li>\n<\/ul>\n","protected":false},"excerpt":{"rendered":"<p>Sac \u00e0 bandouli\u00e8re en forme de lune, couleur kaki fonc\u00e9, en simili cuir rembourr\u00e9 kaki fonc\u00e9. Livr\u00e9 avec deux bandouli\u00e8res kaki r\u00e9glables et amovibles. 2 bandouli\u00e8res kaki r\u00e9glables et amovibles Fermeture zipp\u00e9e sur le dessus avec deux fermetures \u00e9clair Doublure rembourr\u00e9e contrast\u00e9e Poche int\u00e9rieure Dimensions : 28 x 48 cm Longueur totale des sangles (longues) [&hellip;]<\/p>\n","protected":false},"featured_media":4111637,"comment_status":"open","ping_status":"closed","template":"","meta":[],"product_brand":[2529],"product_cat":[],"product_tag":[],"acf":[],"_links":{"self":[{"href":"https:\/\/streetmarkets.fr\/app\/wp-json\/wp\/v2\/product\/4051789"}],"collection":[{"href":"https:\/\/streetmarkets.fr\/app\/wp-json\/wp\/v2\/product"}],"about":[{"href":"https:\/\/streetmarkets.fr\/app\/wp-json\/wp\/v2\/types\/product"}],"replies":[{"embeddable":true,"href":"https:\/\/streetmarkets.fr\/app\/wp-json\/wp\/v2\/comments?post=4051789"}],"wp:featuredmedia":[{"embeddable":true,"href":"https:\/\/streetmarkets.fr\/app\/wp-json\/wp\/v2\/media\/4111637"}],"wp:attachment":[{"href":"https:\/\/streetmarkets.fr\/app\/wp-json\/wp\/v2\/media?parent=4051789"}],"wp:term":[{"taxonomy":"product_brand","embeddable":true,"href":"https:\/\/streetmarkets.fr\/app\/wp-json\/wp\/v2\/product_brand?post=4051789"},{"taxonomy":"product_cat","embeddable":true,"href":"https:\/\/streetmarkets.fr\/app\/wp-json\/wp\/v2\/product_cat?post=4051789"},{"taxonomy":"product_tag","embeddable":true,"href":"https:\/\/streetmarkets.fr\/app\/wp-json\/wp\/v2\/product_tag?post=4051789"}],"curies":[{"name":"wp","href":"https:\/\/api.w.org\/{rel}","templated":true}]}}