{"id":4051735,"date":"2026-04-30T02:34:41","date_gmt":"2026-04-30T00:34:41","guid":{"rendered":"https:\/\/streetmarkets.fr\/app\/produit\/chemise-decontractee-chalk-261-w-mist\/"},"modified":"2026-05-08T02:47:31","modified_gmt":"2026-05-08T00:47:31","slug":"chemise-decontractee-chalk-261-w-mist","status":"publish","type":"product","link":"https:\/\/streetmarkets.fr\/app\/produit\/chemise-decontractee-chalk-261-w-mist\/","title":{"rendered":"Chemise d\u00e9contract\u00e9e Chalk (261 \/ W \/ MIST)"},"content":{"rendered":"<p>Chemise l\u00e9g\u00e8re bleu clair \u00e0 col ouvert, deux poches avant et manches courtes.<\/p>\n<ul>\n<li>Col ouvert<\/li>\n<li>Manches courtes retrouss\u00e9es<\/li>\n<li>Deux poches sur le devant<\/li>\n<li>Empi\u00e8cement dos droit<\/li>\n<li>Mati\u00e8re l\u00e9g\u00e8re<\/li>\n<\/ul>\n","protected":false},"excerpt":{"rendered":"<p>Chemise l\u00e9g\u00e8re bleu clair \u00e0 col ouvert, deux poches avant et manches courtes. Col ouvert Manches courtes retrouss\u00e9es Deux poches sur le devant Empi\u00e8cement dos droit Mati\u00e8re l\u00e9g\u00e8re<\/p>\n","protected":false},"featured_media":4101061,"comment_status":"open","ping_status":"closed","template":"","meta":[],"product_brand":[2529],"product_cat":[],"product_tag":[],"acf":[],"_links":{"self":[{"href":"https:\/\/streetmarkets.fr\/app\/wp-json\/wp\/v2\/product\/4051735"}],"collection":[{"href":"https:\/\/streetmarkets.fr\/app\/wp-json\/wp\/v2\/product"}],"about":[{"href":"https:\/\/streetmarkets.fr\/app\/wp-json\/wp\/v2\/types\/product"}],"replies":[{"embeddable":true,"href":"https:\/\/streetmarkets.fr\/app\/wp-json\/wp\/v2\/comments?post=4051735"}],"wp:featuredmedia":[{"embeddable":true,"href":"https:\/\/streetmarkets.fr\/app\/wp-json\/wp\/v2\/media\/4101061"}],"wp:attachment":[{"href":"https:\/\/streetmarkets.fr\/app\/wp-json\/wp\/v2\/media?parent=4051735"}],"wp:term":[{"taxonomy":"product_brand","embeddable":true,"href":"https:\/\/streetmarkets.fr\/app\/wp-json\/wp\/v2\/product_brand?post=4051735"},{"taxonomy":"product_cat","embeddable":true,"href":"https:\/\/streetmarkets.fr\/app\/wp-json\/wp\/v2\/product_cat?post=4051735"},{"taxonomy":"product_tag","embeddable":true,"href":"https:\/\/streetmarkets.fr\/app\/wp-json\/wp\/v2\/product_tag?post=4051735"}],"curies":[{"name":"wp","href":"https:\/\/api.w.org\/{rel}","templated":true}]}}