{"id":4051693,"date":"2026-04-30T02:34:33","date_gmt":"2026-04-30T00:34:33","guid":{"rendered":"https:\/\/streetmarkets.fr\/app\/produit\/pull-leger-alie-261-w-whisper\/"},"modified":"2026-05-13T02:38:01","modified_gmt":"2026-05-13T00:38:01","slug":"pull-leger-alie-261-w-whisper","status":"publish","type":"product","link":"https:\/\/streetmarkets.fr\/app\/produit\/pull-leger-alie-261-w-whisper\/","title":{"rendered":"Pull l\u00e9ger Alie (261 \/ W \/ WHISPER)"},"content":{"rendered":"<p>Pull l\u00e9ger en maille transparente, en coton blanc cass\u00e9.<\/p>\n<ul>\n<li>Coupe d\u00e9contract\u00e9e<\/li>\n<li>Col rond<\/li>\n<li>\u00c9paules tombantes<\/li>\n<li>D\u00e9tails fronc\u00e9s aux poignets<\/li>\n<li>D\u00e9tail c\u0153ur tricot\u00e9 \u00e0 la taille<\/li>\n<li>Jauge fine, 2 fils<\/li>\n<\/ul>\n","protected":false},"excerpt":{"rendered":"<p>Pull l\u00e9ger en maille transparente, en coton blanc cass\u00e9. Coupe d\u00e9contract\u00e9e Col rond \u00c9paules tombantes D\u00e9tails fronc\u00e9s aux poignets D\u00e9tail c\u0153ur tricot\u00e9 \u00e0 la taille Jauge fine, 2 fils<\/p>\n","protected":false},"featured_media":4128799,"comment_status":"open","ping_status":"closed","template":"","meta":[],"product_brand":[2529],"product_cat":[],"product_tag":[],"acf":[],"_links":{"self":[{"href":"https:\/\/streetmarkets.fr\/app\/wp-json\/wp\/v2\/product\/4051693"}],"collection":[{"href":"https:\/\/streetmarkets.fr\/app\/wp-json\/wp\/v2\/product"}],"about":[{"href":"https:\/\/streetmarkets.fr\/app\/wp-json\/wp\/v2\/types\/product"}],"replies":[{"embeddable":true,"href":"https:\/\/streetmarkets.fr\/app\/wp-json\/wp\/v2\/comments?post=4051693"}],"wp:featuredmedia":[{"embeddable":true,"href":"https:\/\/streetmarkets.fr\/app\/wp-json\/wp\/v2\/media\/4128799"}],"wp:attachment":[{"href":"https:\/\/streetmarkets.fr\/app\/wp-json\/wp\/v2\/media?parent=4051693"}],"wp:term":[{"taxonomy":"product_brand","embeddable":true,"href":"https:\/\/streetmarkets.fr\/app\/wp-json\/wp\/v2\/product_brand?post=4051693"},{"taxonomy":"product_cat","embeddable":true,"href":"https:\/\/streetmarkets.fr\/app\/wp-json\/wp\/v2\/product_cat?post=4051693"},{"taxonomy":"product_tag","embeddable":true,"href":"https:\/\/streetmarkets.fr\/app\/wp-json\/wp\/v2\/product_tag?post=4051693"}],"curies":[{"name":"wp","href":"https:\/\/api.w.org\/{rel}","templated":true}]}}