{"id":4051381,"date":"2026-04-30T02:33:20","date_gmt":"2026-04-30T00:33:20","guid":{"rendered":"https:\/\/streetmarkets.fr\/app\/produit\/chaussettes-mi-mollet-biffi-261-m-dusty-olive\/"},"modified":"2026-05-11T02:46:26","modified_gmt":"2026-05-11T00:46:26","slug":"chaussettes-mi-mollet-biffi-261-m-dusty-olive","status":"publish","type":"product","link":"https:\/\/streetmarkets.fr\/app\/produit\/chaussettes-mi-mollet-biffi-261-m-dusty-olive\/","title":{"rendered":"Chaussettes mi-mollet Biffi (261 \/ M \/ DUSTY OLIVE)"},"content":{"rendered":"<p>Chaussettes mi-mollet en maille chin\u00e9e multicolore orange, grise et blanche avec empi\u00e8cements contrast\u00e9s.<\/p>\n<ul>\n<li>Longueur mi-mollet<\/li>\n<li>Finition textur\u00e9e chin\u00e9e<\/li>\n<li>Talon et empi\u00e8cement contrast\u00e9s<\/li>\n<li>Partie sup\u00e9rieure c\u00f4tel\u00e9e<\/li>\n<\/ul>\n","protected":false},"excerpt":{"rendered":"<p>Chaussettes mi-mollet en maille chin\u00e9e multicolore orange, grise et blanche avec empi\u00e8cements contrast\u00e9s. Longueur mi-mollet Finition textur\u00e9e chin\u00e9e Talon et empi\u00e8cement contrast\u00e9s Partie sup\u00e9rieure c\u00f4tel\u00e9e<\/p>\n","protected":false},"featured_media":4117056,"comment_status":"open","ping_status":"closed","template":"","meta":[],"product_brand":[2529],"product_cat":[],"product_tag":[],"acf":[],"_links":{"self":[{"href":"https:\/\/streetmarkets.fr\/app\/wp-json\/wp\/v2\/product\/4051381"}],"collection":[{"href":"https:\/\/streetmarkets.fr\/app\/wp-json\/wp\/v2\/product"}],"about":[{"href":"https:\/\/streetmarkets.fr\/app\/wp-json\/wp\/v2\/types\/product"}],"replies":[{"embeddable":true,"href":"https:\/\/streetmarkets.fr\/app\/wp-json\/wp\/v2\/comments?post=4051381"}],"wp:featuredmedia":[{"embeddable":true,"href":"https:\/\/streetmarkets.fr\/app\/wp-json\/wp\/v2\/media\/4117056"}],"wp:attachment":[{"href":"https:\/\/streetmarkets.fr\/app\/wp-json\/wp\/v2\/media?parent=4051381"}],"wp:term":[{"taxonomy":"product_brand","embeddable":true,"href":"https:\/\/streetmarkets.fr\/app\/wp-json\/wp\/v2\/product_brand?post=4051381"},{"taxonomy":"product_cat","embeddable":true,"href":"https:\/\/streetmarkets.fr\/app\/wp-json\/wp\/v2\/product_cat?post=4051381"},{"taxonomy":"product_tag","embeddable":true,"href":"https:\/\/streetmarkets.fr\/app\/wp-json\/wp\/v2\/product_tag?post=4051381"}],"curies":[{"name":"wp","href":"https:\/\/api.w.org\/{rel}","templated":true}]}}