{"id":4051375,"date":"2026-04-30T02:33:09","date_gmt":"2026-04-30T00:33:09","guid":{"rendered":"https:\/\/streetmarkets.fr\/app\/produit\/chaussettes-cotelees-bino-261-m-gitane\/"},"modified":"2026-05-11T02:46:26","modified_gmt":"2026-05-11T00:46:26","slug":"chaussettes-cotelees-bino-261-m-gitane","status":"publish","type":"product","link":"https:\/\/streetmarkets.fr\/app\/produit\/chaussettes-cotelees-bino-261-m-gitane\/","title":{"rendered":"Chaussettes c\u00f4tel\u00e9es Bino (261 \/ M \/ GITANE)"},"content":{"rendered":"<p>Chaussettes c\u00f4tel\u00e9es en m\u00e9lange de coton bleu clair avec des rayures contrastantes \u00e9crues au niveau des chevilles.<\/p>\n<ul>\n<li>Longueur mi-mollet<\/li>\n<li>Tricot c\u00f4tel\u00e9<\/li>\n<li>Rayures contrast\u00e9es sur les chevilles<\/li>\n<\/ul>\n","protected":false},"excerpt":{"rendered":"<p>Chaussettes c\u00f4tel\u00e9es en m\u00e9lange de coton bleu clair avec des rayures contrastantes \u00e9crues au niveau des chevilles. Longueur mi-mollet Tricot c\u00f4tel\u00e9 Rayures contrast\u00e9es sur les chevilles<\/p>\n","protected":false},"featured_media":4117053,"comment_status":"open","ping_status":"closed","template":"","meta":[],"product_brand":[2529],"product_cat":[],"product_tag":[],"acf":[],"_links":{"self":[{"href":"https:\/\/streetmarkets.fr\/app\/wp-json\/wp\/v2\/product\/4051375"}],"collection":[{"href":"https:\/\/streetmarkets.fr\/app\/wp-json\/wp\/v2\/product"}],"about":[{"href":"https:\/\/streetmarkets.fr\/app\/wp-json\/wp\/v2\/types\/product"}],"replies":[{"embeddable":true,"href":"https:\/\/streetmarkets.fr\/app\/wp-json\/wp\/v2\/comments?post=4051375"}],"wp:featuredmedia":[{"embeddable":true,"href":"https:\/\/streetmarkets.fr\/app\/wp-json\/wp\/v2\/media\/4117053"}],"wp:attachment":[{"href":"https:\/\/streetmarkets.fr\/app\/wp-json\/wp\/v2\/media?parent=4051375"}],"wp:term":[{"taxonomy":"product_brand","embeddable":true,"href":"https:\/\/streetmarkets.fr\/app\/wp-json\/wp\/v2\/product_brand?post=4051375"},{"taxonomy":"product_cat","embeddable":true,"href":"https:\/\/streetmarkets.fr\/app\/wp-json\/wp\/v2\/product_cat?post=4051375"},{"taxonomy":"product_tag","embeddable":true,"href":"https:\/\/streetmarkets.fr\/app\/wp-json\/wp\/v2\/product_tag?post=4051375"}],"curies":[{"name":"wp","href":"https:\/\/api.w.org\/{rel}","templated":true}]}}