{"id":4051363,"date":"2026-04-30T02:33:07","date_gmt":"2026-04-30T00:33:07","guid":{"rendered":"https:\/\/streetmarkets.fr\/app\/produit\/chaussettes-mi-hautes-bapem-261-m-malbec\/"},"modified":"2026-05-10T02:49:10","modified_gmt":"2026-05-10T00:49:10","slug":"chaussettes-mi-hautes-bapem-261-m-malbec","status":"publish","type":"product","link":"https:\/\/streetmarkets.fr\/app\/produit\/chaussettes-mi-hautes-bapem-261-m-malbec\/","title":{"rendered":"Chaussettes mi-hautes Bapem (261 \/ M \/ MALBEC)"},"content":{"rendered":"<p>Chaussettes l\u00e9g\u00e8res pour tous les jours, en coton l\u00e9g\u00e8rement stretch, avec un m\u00e9lange de rouge et de bordeaux et une texture c\u00f4tel\u00e9e.<\/p>\n<ul>\n<li>Chaussettes hautes<\/li>\n<li>Tissu fin et respirant<\/li>\n<li>Structure c\u00f4tel\u00e9e<\/li>\n<li>Tissu en coton<\/li>\n<\/ul>\n","protected":false},"excerpt":{"rendered":"<p>Chaussettes l\u00e9g\u00e8res pour tous les jours, en coton l\u00e9g\u00e8rement stretch, avec un m\u00e9lange de rouge et de bordeaux et une texture c\u00f4tel\u00e9e. Chaussettes hautes Tissu fin et respirant Structure c\u00f4tel\u00e9e Tissu en coton<\/p>\n","protected":false},"featured_media":4111277,"comment_status":"open","ping_status":"closed","template":"","meta":[],"product_brand":[2529],"product_cat":[],"product_tag":[],"acf":[],"_links":{"self":[{"href":"https:\/\/streetmarkets.fr\/app\/wp-json\/wp\/v2\/product\/4051363"}],"collection":[{"href":"https:\/\/streetmarkets.fr\/app\/wp-json\/wp\/v2\/product"}],"about":[{"href":"https:\/\/streetmarkets.fr\/app\/wp-json\/wp\/v2\/types\/product"}],"replies":[{"embeddable":true,"href":"https:\/\/streetmarkets.fr\/app\/wp-json\/wp\/v2\/comments?post=4051363"}],"wp:featuredmedia":[{"embeddable":true,"href":"https:\/\/streetmarkets.fr\/app\/wp-json\/wp\/v2\/media\/4111277"}],"wp:attachment":[{"href":"https:\/\/streetmarkets.fr\/app\/wp-json\/wp\/v2\/media?parent=4051363"}],"wp:term":[{"taxonomy":"product_brand","embeddable":true,"href":"https:\/\/streetmarkets.fr\/app\/wp-json\/wp\/v2\/product_brand?post=4051363"},{"taxonomy":"product_cat","embeddable":true,"href":"https:\/\/streetmarkets.fr\/app\/wp-json\/wp\/v2\/product_cat?post=4051363"},{"taxonomy":"product_tag","embeddable":true,"href":"https:\/\/streetmarkets.fr\/app\/wp-json\/wp\/v2\/product_tag?post=4051363"}],"curies":[{"name":"wp","href":"https:\/\/api.w.org\/{rel}","templated":true}]}}