{"id":4051345,"date":"2026-04-30T02:33:05","date_gmt":"2026-04-30T00:33:05","guid":{"rendered":"https:\/\/streetmarkets.fr\/app\/produit\/chaussettes-mi-mollet-biffi-261-m-chambray\/"},"modified":"2026-05-05T02:36:02","modified_gmt":"2026-05-05T00:36:02","slug":"chaussettes-mi-mollet-biffi-261-m-chambray","status":"publish","type":"product","link":"https:\/\/streetmarkets.fr\/app\/produit\/chaussettes-mi-mollet-biffi-261-m-chambray\/","title":{"rendered":"Chaussettes mi-mollet Biffi (261 \/ M \/ CHAMBRAY)"},"content":{"rendered":"<p>Chaussettes mi-mollet en maille chin\u00e9e bleu marine et blanc multicolore avec empi\u00e8cements contrast\u00e9s bleu marine.<\/p>\n<ul>\n<li>Longueur mi-mollet<\/li>\n<li>Finition textur\u00e9e chin\u00e9e<\/li>\n<li>Talon et empi\u00e8cement contrast\u00e9s<\/li>\n<li>Partie sup\u00e9rieure c\u00f4tel\u00e9e<\/li>\n<\/ul>\n","protected":false},"excerpt":{"rendered":"<p>Chaussettes mi-mollet en maille chin\u00e9e bleu marine et blanc multicolore avec empi\u00e8cements contrast\u00e9s bleu marine. Longueur mi-mollet Finition textur\u00e9e chin\u00e9e Talon et empi\u00e8cement contrast\u00e9s Partie sup\u00e9rieure c\u00f4tel\u00e9e<\/p>\n","protected":false},"featured_media":4083392,"comment_status":"open","ping_status":"closed","template":"","meta":[],"product_brand":[2529],"product_cat":[],"product_tag":[],"acf":[],"_links":{"self":[{"href":"https:\/\/streetmarkets.fr\/app\/wp-json\/wp\/v2\/product\/4051345"}],"collection":[{"href":"https:\/\/streetmarkets.fr\/app\/wp-json\/wp\/v2\/product"}],"about":[{"href":"https:\/\/streetmarkets.fr\/app\/wp-json\/wp\/v2\/types\/product"}],"replies":[{"embeddable":true,"href":"https:\/\/streetmarkets.fr\/app\/wp-json\/wp\/v2\/comments?post=4051345"}],"wp:featuredmedia":[{"embeddable":true,"href":"https:\/\/streetmarkets.fr\/app\/wp-json\/wp\/v2\/media\/4083392"}],"wp:attachment":[{"href":"https:\/\/streetmarkets.fr\/app\/wp-json\/wp\/v2\/media?parent=4051345"}],"wp:term":[{"taxonomy":"product_brand","embeddable":true,"href":"https:\/\/streetmarkets.fr\/app\/wp-json\/wp\/v2\/product_brand?post=4051345"},{"taxonomy":"product_cat","embeddable":true,"href":"https:\/\/streetmarkets.fr\/app\/wp-json\/wp\/v2\/product_cat?post=4051345"},{"taxonomy":"product_tag","embeddable":true,"href":"https:\/\/streetmarkets.fr\/app\/wp-json\/wp\/v2\/product_tag?post=4051345"}],"curies":[{"name":"wp","href":"https:\/\/api.w.org\/{rel}","templated":true}]}}