{"id":4051333,"date":"2026-04-30T02:33:04","date_gmt":"2026-04-30T00:33:04","guid":{"rendered":"https:\/\/streetmarkets.fr\/app\/produit\/pull-col-rond-alyc-261-m-odysee\/"},"modified":"2026-05-12T02:36:41","modified_gmt":"2026-05-12T00:36:41","slug":"pull-col-rond-alyc-261-m-odysee","status":"publish","type":"product","link":"https:\/\/streetmarkets.fr\/app\/produit\/pull-col-rond-alyc-261-m-odysee\/","title":{"rendered":"Pull col rond Alyc (261 \/ M \/ ODYSEE)"},"content":{"rendered":"<p>Pull bleu marine \u00e0 col rond, confectionn\u00e9e dans un m\u00e9lange l\u00e9ger de laine m\u00e9rinos et de coton.<\/p>\n<ul>\n<li>Col rond<\/li>\n<li>Col et poignets c\u00f4tel\u00e9s<\/li>\n<li>Ourlet \u00e9lastiqu\u00e9 pour une coupe ajust\u00e9e<\/li>\n<li>Tricot fin<\/li>\n<\/ul>\n","protected":false},"excerpt":{"rendered":"<p>Pull bleu marine \u00e0 col rond, confectionn\u00e9e dans un m\u00e9lange l\u00e9ger de laine m\u00e9rinos et de coton. Col rond Col et poignets c\u00f4tel\u00e9s Ourlet \u00e9lastiqu\u00e9 pour une coupe ajust\u00e9e Tricot fin<\/p>\n","protected":false},"featured_media":4122147,"comment_status":"open","ping_status":"closed","template":"","meta":[],"product_brand":[2529],"product_cat":[],"product_tag":[],"acf":[],"_links":{"self":[{"href":"https:\/\/streetmarkets.fr\/app\/wp-json\/wp\/v2\/product\/4051333"}],"collection":[{"href":"https:\/\/streetmarkets.fr\/app\/wp-json\/wp\/v2\/product"}],"about":[{"href":"https:\/\/streetmarkets.fr\/app\/wp-json\/wp\/v2\/types\/product"}],"replies":[{"embeddable":true,"href":"https:\/\/streetmarkets.fr\/app\/wp-json\/wp\/v2\/comments?post=4051333"}],"wp:featuredmedia":[{"embeddable":true,"href":"https:\/\/streetmarkets.fr\/app\/wp-json\/wp\/v2\/media\/4122147"}],"wp:attachment":[{"href":"https:\/\/streetmarkets.fr\/app\/wp-json\/wp\/v2\/media?parent=4051333"}],"wp:term":[{"taxonomy":"product_brand","embeddable":true,"href":"https:\/\/streetmarkets.fr\/app\/wp-json\/wp\/v2\/product_brand?post=4051333"},{"taxonomy":"product_cat","embeddable":true,"href":"https:\/\/streetmarkets.fr\/app\/wp-json\/wp\/v2\/product_cat?post=4051333"},{"taxonomy":"product_tag","embeddable":true,"href":"https:\/\/streetmarkets.fr\/app\/wp-json\/wp\/v2\/product_tag?post=4051333"}],"curies":[{"name":"wp","href":"https:\/\/api.w.org\/{rel}","templated":true}]}}