{"id":4051291,"date":"2026-04-30T02:33:00","date_gmt":"2026-04-30T00:33:00","guid":{"rendered":"https:\/\/streetmarkets.fr\/app\/produit\/polo-decontracte-alosh-261-m-odysee\/"},"modified":"2026-04-30T02:33:11","modified_gmt":"2026-04-30T00:33:11","slug":"polo-decontracte-alosh-261-m-odysee","status":"publish","type":"product","link":"https:\/\/streetmarkets.fr\/app\/produit\/polo-decontracte-alosh-261-m-odysee\/","title":{"rendered":"Polo d\u00e9contract\u00e9 Alosh (261 \/ M \/ ODYSEE)"},"content":{"rendered":"<p>Polo d\u00e9contract\u00e9 bleu marine \u00e0 manches courtes en laine m\u00e9rinos l\u00e9g\u00e8re.<\/p>\n<ul>\n<li>Coupe d\u00e9contract\u00e9e<\/li>\n<li>Col polo<\/li>\n<li>Manches courtes pouvant \u00eatre retrouss\u00e9es<\/li>\n<li>Enti\u00e8rement fa\u00e7onn\u00e9<\/li>\n<li>Juste \u00e9paisseur<\/li>\n<\/ul>\n","protected":false},"excerpt":{"rendered":"<p>Polo d\u00e9contract\u00e9 bleu marine \u00e0 manches courtes en laine m\u00e9rinos l\u00e9g\u00e8re. Coupe d\u00e9contract\u00e9e Col polo Manches courtes pouvant \u00eatre retrouss\u00e9es Enti\u00e8rement fa\u00e7onn\u00e9 Juste \u00e9paisseur<\/p>\n","protected":false},"featured_media":4051292,"comment_status":"open","ping_status":"closed","template":"","meta":[],"product_brand":[2529],"product_cat":[],"product_tag":[],"acf":[],"_links":{"self":[{"href":"https:\/\/streetmarkets.fr\/app\/wp-json\/wp\/v2\/product\/4051291"}],"collection":[{"href":"https:\/\/streetmarkets.fr\/app\/wp-json\/wp\/v2\/product"}],"about":[{"href":"https:\/\/streetmarkets.fr\/app\/wp-json\/wp\/v2\/types\/product"}],"replies":[{"embeddable":true,"href":"https:\/\/streetmarkets.fr\/app\/wp-json\/wp\/v2\/comments?post=4051291"}],"wp:featuredmedia":[{"embeddable":true,"href":"https:\/\/streetmarkets.fr\/app\/wp-json\/wp\/v2\/media\/4051292"}],"wp:attachment":[{"href":"https:\/\/streetmarkets.fr\/app\/wp-json\/wp\/v2\/media?parent=4051291"}],"wp:term":[{"taxonomy":"product_brand","embeddable":true,"href":"https:\/\/streetmarkets.fr\/app\/wp-json\/wp\/v2\/product_brand?post=4051291"},{"taxonomy":"product_cat","embeddable":true,"href":"https:\/\/streetmarkets.fr\/app\/wp-json\/wp\/v2\/product_cat?post=4051291"},{"taxonomy":"product_tag","embeddable":true,"href":"https:\/\/streetmarkets.fr\/app\/wp-json\/wp\/v2\/product_tag?post=4051291"}],"curies":[{"name":"wp","href":"https:\/\/api.w.org\/{rel}","templated":true}]}}