{"id":4051254,"date":"2026-04-30T02:32:57","date_gmt":"2026-04-30T00:32:57","guid":{"rendered":"https:\/\/streetmarkets.fr\/app\/produit\/veste-decontractee-jabon-261-m-bone\/"},"modified":"2026-05-06T02:36:07","modified_gmt":"2026-05-06T00:36:07","slug":"veste-decontractee-jabon-261-m-bone","status":"publish","type":"product","link":"https:\/\/streetmarkets.fr\/app\/produit\/veste-decontractee-jabon-261-m-bone\/","title":{"rendered":"Veste d\u00e9contract\u00e9e Jabon (261 \/ M \/ BONE)"},"content":{"rendered":"<p>Veste d\u00e9contract\u00e9e \u00e0 col montant et \u00e9paules tombantes, confectionn\u00e9e en coton ripstop beige et l\u00e9g\u00e8rement matelass\u00e9e.<\/p>\n<ul>\n<li>Coupe d\u00e9contract\u00e9e<\/li>\n<li>Col montant doubl\u00e9 de velours c\u00f4tel\u00e9 (peut \u00e9galement \u00eatre port\u00e9 rabattu)<\/li>\n<li>Manches longues avec \u00e9paules l\u00e9g\u00e8rement tombantes<\/li>\n<li>Fermeture zipp\u00e9e et boutons-pression dissimul\u00e9s<\/li>\n<li>Coton ripstop au toucher sec avec rembourrage l\u00e9ger<\/li>\n<li>Boutons-pression sur les rabats des poches poitrine<\/li>\n<li>\u00c9lastiques sur les c\u00f4t\u00e9s de la taille<\/li>\n<\/ul>\n","protected":false},"excerpt":{"rendered":"<p>Veste d\u00e9contract\u00e9e \u00e0 col montant et \u00e9paules tombantes, confectionn\u00e9e en coton ripstop beige et l\u00e9g\u00e8rement matelass\u00e9e. Coupe d\u00e9contract\u00e9e Col montant doubl\u00e9 de velours c\u00f4tel\u00e9 (peut \u00e9galement \u00eatre port\u00e9 rabattu) Manches longues avec \u00e9paules l\u00e9g\u00e8rement tombantes Fermeture zipp\u00e9e et boutons-pression dissimul\u00e9s Coton ripstop au toucher sec avec rembourrage l\u00e9ger Boutons-pression sur les rabats des poches poitrine [&hellip;]<\/p>\n","protected":false},"featured_media":4089452,"comment_status":"open","ping_status":"closed","template":"","meta":[],"product_brand":[2529],"product_cat":[],"product_tag":[],"acf":[],"_links":{"self":[{"href":"https:\/\/streetmarkets.fr\/app\/wp-json\/wp\/v2\/product\/4051254"}],"collection":[{"href":"https:\/\/streetmarkets.fr\/app\/wp-json\/wp\/v2\/product"}],"about":[{"href":"https:\/\/streetmarkets.fr\/app\/wp-json\/wp\/v2\/types\/product"}],"replies":[{"embeddable":true,"href":"https:\/\/streetmarkets.fr\/app\/wp-json\/wp\/v2\/comments?post=4051254"}],"wp:featuredmedia":[{"embeddable":true,"href":"https:\/\/streetmarkets.fr\/app\/wp-json\/wp\/v2\/media\/4089452"}],"wp:attachment":[{"href":"https:\/\/streetmarkets.fr\/app\/wp-json\/wp\/v2\/media?parent=4051254"}],"wp:term":[{"taxonomy":"product_brand","embeddable":true,"href":"https:\/\/streetmarkets.fr\/app\/wp-json\/wp\/v2\/product_brand?post=4051254"},{"taxonomy":"product_cat","embeddable":true,"href":"https:\/\/streetmarkets.fr\/app\/wp-json\/wp\/v2\/product_cat?post=4051254"},{"taxonomy":"product_tag","embeddable":true,"href":"https:\/\/streetmarkets.fr\/app\/wp-json\/wp\/v2\/product_tag?post=4051254"}],"curies":[{"name":"wp","href":"https:\/\/api.w.org\/{rel}","templated":true}]}}