{"id":4051248,"date":"2026-04-30T02:32:57","date_gmt":"2026-04-30T00:32:57","guid":{"rendered":"https:\/\/streetmarkets.fr\/app\/produit\/bracelet-argantina-120-rond-261-w-multicolor\/"},"modified":"2026-05-08T02:45:52","modified_gmt":"2026-05-08T00:45:52","slug":"bracelet-argantina-120-rond-261-w-multicolor","status":"publish","type":"product","link":"https:\/\/streetmarkets.fr\/app\/produit\/bracelet-argantina-120-rond-261-w-multicolor\/","title":{"rendered":"Bracelet Argantina 120 Rond (261 \/ W \/ MULTICOLOR)"},"content":{"rendered":"<p>Le bracelet rond Argantina 120 tiss\u00e9 \u00e0 la main de Guanabana pr\u00e9sente un tissage complexe de 120 fils en acrylique formant un double motif, ainsi qu&#8217;une ouverture ajustable.<\/p>\n<ul>\n<li>Longueur tiss\u00e9e\u00a0: 12,5 cm<\/li>\n<li>R\u00e9glable\u00a0: 15 cm &#8211; 26 cm<\/li>\n<li>Largeur\u00a0: 3 mm <\/li>\n<li>Mod\u00e8le\u00a0: G11E-10080-4052<\/li>\n<li>Couleur\u00a0: Marron<\/li>\n<\/ul>\n","protected":false},"excerpt":{"rendered":"<p>Le bracelet rond Argantina 120 tiss\u00e9 \u00e0 la main de Guanabana pr\u00e9sente un tissage complexe de 120 fils en acrylique formant un double motif, ainsi qu&#8217;une ouverture ajustable. Longueur tiss\u00e9e\u00a0: 12,5 cm R\u00e9glable\u00a0: 15 cm &#8211; 26 cm Largeur\u00a0: 3 mm Mod\u00e8le\u00a0: G11E-10080-4052 Couleur\u00a0: Marron<\/p>\n","protected":false},"featured_media":4100665,"comment_status":"open","ping_status":"closed","template":"","meta":[],"product_brand":[],"product_cat":[],"product_tag":[],"acf":[],"_links":{"self":[{"href":"https:\/\/streetmarkets.fr\/app\/wp-json\/wp\/v2\/product\/4051248"}],"collection":[{"href":"https:\/\/streetmarkets.fr\/app\/wp-json\/wp\/v2\/product"}],"about":[{"href":"https:\/\/streetmarkets.fr\/app\/wp-json\/wp\/v2\/types\/product"}],"replies":[{"embeddable":true,"href":"https:\/\/streetmarkets.fr\/app\/wp-json\/wp\/v2\/comments?post=4051248"}],"wp:featuredmedia":[{"embeddable":true,"href":"https:\/\/streetmarkets.fr\/app\/wp-json\/wp\/v2\/media\/4100665"}],"wp:attachment":[{"href":"https:\/\/streetmarkets.fr\/app\/wp-json\/wp\/v2\/media?parent=4051248"}],"wp:term":[{"taxonomy":"product_brand","embeddable":true,"href":"https:\/\/streetmarkets.fr\/app\/wp-json\/wp\/v2\/product_brand?post=4051248"},{"taxonomy":"product_cat","embeddable":true,"href":"https:\/\/streetmarkets.fr\/app\/wp-json\/wp\/v2\/product_cat?post=4051248"},{"taxonomy":"product_tag","embeddable":true,"href":"https:\/\/streetmarkets.fr\/app\/wp-json\/wp\/v2\/product_tag?post=4051248"}],"curies":[{"name":"wp","href":"https:\/\/api.w.org\/{rel}","templated":true}]}}