{"id":4051212,"date":"2026-04-30T02:32:54","date_gmt":"2026-04-30T00:32:54","guid":{"rendered":"https:\/\/streetmarkets.fr\/app\/produit\/bracelet-argantina-40-261-w-multicolor-4\/"},"modified":"2026-05-06T02:36:07","modified_gmt":"2026-05-06T00:36:07","slug":"bracelet-argantina-40-261-w-multicolor-4","status":"publish","type":"product","link":"https:\/\/streetmarkets.fr\/app\/produit\/bracelet-argantina-40-261-w-multicolor-4\/","title":{"rendered":"Bracelet Argantina 40 (261 \/ W \/ MULTICOLOR)"},"content":{"rendered":"<p>Le bracelet Guanabana Argantina 40 tiss\u00e9 \u00e0 la main pr\u00e9sente un tressage complexe de 40 fils en acrylique et une ouverture ajustable.<\/p>\n<ul>\n<li>Largeur\u00a0: 3 mm<\/li>\n<li>Longueur tiss\u00e9e\u00a0: 12,5 cm<\/li>\n<li>R\u00e9glable\u00a0: 15 cm &#8211; 26 cm<\/li>\n<li>Mod\u00e8le\u00a0: G11E-3MM-3074<\/li>\n<li>Couleur\u00a0: Jaune<\/li>\n<\/ul>\n","protected":false},"excerpt":{"rendered":"<p>Le bracelet Guanabana Argantina 40 tiss\u00e9 \u00e0 la main pr\u00e9sente un tressage complexe de 40 fils en acrylique et une ouverture ajustable. Largeur\u00a0: 3 mm Longueur tiss\u00e9e\u00a0: 12,5 cm R\u00e9glable\u00a0: 15 cm &#8211; 26 cm Mod\u00e8le\u00a0: G11E-3MM-3074 Couleur\u00a0: Jaune<\/p>\n","protected":false},"featured_media":4089424,"comment_status":"open","ping_status":"closed","template":"","meta":[],"product_brand":[],"product_cat":[],"product_tag":[],"acf":[],"_links":{"self":[{"href":"https:\/\/streetmarkets.fr\/app\/wp-json\/wp\/v2\/product\/4051212"}],"collection":[{"href":"https:\/\/streetmarkets.fr\/app\/wp-json\/wp\/v2\/product"}],"about":[{"href":"https:\/\/streetmarkets.fr\/app\/wp-json\/wp\/v2\/types\/product"}],"replies":[{"embeddable":true,"href":"https:\/\/streetmarkets.fr\/app\/wp-json\/wp\/v2\/comments?post=4051212"}],"wp:featuredmedia":[{"embeddable":true,"href":"https:\/\/streetmarkets.fr\/app\/wp-json\/wp\/v2\/media\/4089424"}],"wp:attachment":[{"href":"https:\/\/streetmarkets.fr\/app\/wp-json\/wp\/v2\/media?parent=4051212"}],"wp:term":[{"taxonomy":"product_brand","embeddable":true,"href":"https:\/\/streetmarkets.fr\/app\/wp-json\/wp\/v2\/product_brand?post=4051212"},{"taxonomy":"product_cat","embeddable":true,"href":"https:\/\/streetmarkets.fr\/app\/wp-json\/wp\/v2\/product_cat?post=4051212"},{"taxonomy":"product_tag","embeddable":true,"href":"https:\/\/streetmarkets.fr\/app\/wp-json\/wp\/v2\/product_tag?post=4051212"}],"curies":[{"name":"wp","href":"https:\/\/api.w.org\/{rel}","templated":true}]}}