{"id":4051063,"date":"2026-04-30T02:32:32","date_gmt":"2026-04-30T00:32:32","guid":{"rendered":"https:\/\/streetmarkets.fr\/app\/produit\/chemise-en-denim-prim-261-m-hvy-stone-wash\/"},"modified":"2026-05-13T02:35:38","modified_gmt":"2026-05-13T00:35:38","slug":"chemise-en-denim-prim-261-m-hvy-stone-wash","status":"publish","type":"product","link":"https:\/\/streetmarkets.fr\/app\/produit\/chemise-en-denim-prim-261-m-hvy-stone-wash\/","title":{"rendered":"Chemise en denim Prim (261 \/ M \/ HVY STONE WASH)"},"content":{"rendered":"<p>Chemise en denim \u00e0 manches courtes, en coton d\u00e9lav\u00e9 bleu moyen, coupe d\u00e9contract\u00e9e et poche poitrine unique. Finition avec ourlet droit et fermeture \u00e0 boutons sur le devant.<\/p>\n<ul>\n<li>Coupe d\u00e9contract\u00e9e<\/li>\n<li>Denim l\u00e9ger d\u00e9lav\u00e9 moyen<\/li>\n<li>Col chemise classique<\/li>\n<li>Fermeture boutonn\u00e9e sur le devant<\/li>\n<li>Manches courtes<\/li>\n<li>Poche plaqu\u00e9e sur la poitrine<\/li>\n<li>Ourlet droit<\/li>\n<li>100% coton<\/li>\n<\/ul>\n","protected":false},"excerpt":{"rendered":"<p>Chemise en denim \u00e0 manches courtes, en coton d\u00e9lav\u00e9 bleu moyen, coupe d\u00e9contract\u00e9e et poche poitrine unique. Finition avec ourlet droit et fermeture \u00e0 boutons sur le devant. Coupe d\u00e9contract\u00e9e Denim l\u00e9ger d\u00e9lav\u00e9 moyen Col chemise classique Fermeture boutonn\u00e9e sur le devant Manches courtes Poche plaqu\u00e9e sur la poitrine Ourlet droit 100% coton<\/p>\n","protected":false},"featured_media":4128343,"comment_status":"open","ping_status":"closed","template":"","meta":[],"product_brand":[2529],"product_cat":[],"product_tag":[],"acf":[],"_links":{"self":[{"href":"https:\/\/streetmarkets.fr\/app\/wp-json\/wp\/v2\/product\/4051063"}],"collection":[{"href":"https:\/\/streetmarkets.fr\/app\/wp-json\/wp\/v2\/product"}],"about":[{"href":"https:\/\/streetmarkets.fr\/app\/wp-json\/wp\/v2\/types\/product"}],"replies":[{"embeddable":true,"href":"https:\/\/streetmarkets.fr\/app\/wp-json\/wp\/v2\/comments?post=4051063"}],"wp:featuredmedia":[{"embeddable":true,"href":"https:\/\/streetmarkets.fr\/app\/wp-json\/wp\/v2\/media\/4128343"}],"wp:attachment":[{"href":"https:\/\/streetmarkets.fr\/app\/wp-json\/wp\/v2\/media?parent=4051063"}],"wp:term":[{"taxonomy":"product_brand","embeddable":true,"href":"https:\/\/streetmarkets.fr\/app\/wp-json\/wp\/v2\/product_brand?post=4051063"},{"taxonomy":"product_cat","embeddable":true,"href":"https:\/\/streetmarkets.fr\/app\/wp-json\/wp\/v2\/product_cat?post=4051063"},{"taxonomy":"product_tag","embeddable":true,"href":"https:\/\/streetmarkets.fr\/app\/wp-json\/wp\/v2\/product_tag?post=4051063"}],"curies":[{"name":"wp","href":"https:\/\/api.w.org\/{rel}","templated":true}]}}