{"id":4050977,"date":"2026-04-30T02:32:25","date_gmt":"2026-04-30T00:32:25","guid":{"rendered":"https:\/\/streetmarkets.fr\/app\/produit\/chemise-rayee-franklin-261-m-stripe-a\/"},"modified":"2026-05-11T02:45:50","modified_gmt":"2026-05-11T00:45:50","slug":"chemise-rayee-franklin-261-m-stripe-a","status":"publish","type":"product","link":"https:\/\/streetmarkets.fr\/app\/produit\/chemise-rayee-franklin-261-m-stripe-a\/","title":{"rendered":"Chemise ray\u00e9e Franklin (261 \/ M \/ STRIPE A)"},"content":{"rendered":"<p>Chemise classique \u00e0 col classique et manches longues, confectionn\u00e9e dans un coton l\u00e9ger avec des rayures verticales bleu marine sur un fond \u00e9cru.<\/p>\n<ul>\n<li>Coupe classique<\/li>\n<li>Col chemise<\/li>\n<li>Manches longues avec poignets boutonn\u00e9s<\/li>\n<li>Fermeture boutonn\u00e9e sur le devant<\/li>\n<li>Ourlet arrondi<\/li>\n<\/ul>\n","protected":false},"excerpt":{"rendered":"<p>Chemise classique \u00e0 col classique et manches longues, confectionn\u00e9e dans un coton l\u00e9ger avec des rayures verticales bleu marine sur un fond \u00e9cru. Coupe classique Col chemise Manches longues avec poignets boutonn\u00e9s Fermeture boutonn\u00e9e sur le devant Ourlet arrondi<\/p>\n","protected":false},"featured_media":4116823,"comment_status":"open","ping_status":"closed","template":"","meta":[],"product_brand":[2529],"product_cat":[],"product_tag":[],"acf":[],"_links":{"self":[{"href":"https:\/\/streetmarkets.fr\/app\/wp-json\/wp\/v2\/product\/4050977"}],"collection":[{"href":"https:\/\/streetmarkets.fr\/app\/wp-json\/wp\/v2\/product"}],"about":[{"href":"https:\/\/streetmarkets.fr\/app\/wp-json\/wp\/v2\/types\/product"}],"replies":[{"embeddable":true,"href":"https:\/\/streetmarkets.fr\/app\/wp-json\/wp\/v2\/comments?post=4050977"}],"wp:featuredmedia":[{"embeddable":true,"href":"https:\/\/streetmarkets.fr\/app\/wp-json\/wp\/v2\/media\/4116823"}],"wp:attachment":[{"href":"https:\/\/streetmarkets.fr\/app\/wp-json\/wp\/v2\/media?parent=4050977"}],"wp:term":[{"taxonomy":"product_brand","embeddable":true,"href":"https:\/\/streetmarkets.fr\/app\/wp-json\/wp\/v2\/product_brand?post=4050977"},{"taxonomy":"product_cat","embeddable":true,"href":"https:\/\/streetmarkets.fr\/app\/wp-json\/wp\/v2\/product_cat?post=4050977"},{"taxonomy":"product_tag","embeddable":true,"href":"https:\/\/streetmarkets.fr\/app\/wp-json\/wp\/v2\/product_tag?post=4050977"}],"curies":[{"name":"wp","href":"https:\/\/api.w.org\/{rel}","templated":true}]}}