{"id":4050853,"date":"2026-04-30T02:32:14","date_gmt":"2026-04-30T00:32:14","guid":{"rendered":"https:\/\/streetmarkets.fr\/app\/produit\/t-shirt-a-manches-longues-fuller-261-m-stripe-d\/"},"modified":"2026-05-14T02:36:40","modified_gmt":"2026-05-14T00:36:40","slug":"t-shirt-a-manches-longues-fuller-261-m-stripe-d","status":"publish","type":"product","link":"https:\/\/streetmarkets.fr\/app\/produit\/t-shirt-a-manches-longues-fuller-261-m-stripe-d\/","title":{"rendered":"T-shirt \u00e0 manches longues Fuller (261 \/ M \/ STRIPE D)"},"content":{"rendered":"<p>T-shirt d\u00e9contract\u00e9 \u00e0 col rond et manches longues, confectionn\u00e9 en jersey de coton \u00e9pais avec de larges rayures d\u00e9lav\u00e9es violet et beige.<\/p>\n<ul>\n<li>Coupe d\u00e9contract\u00e9e<\/li>\n<li>Col rond<\/li>\n<li>Manches longues<\/li>\n<li>Jersey de coton \u00e9pais, 400 g\/m\u00b2<\/li>\n<\/ul>\n","protected":false},"excerpt":{"rendered":"<p>T-shirt d\u00e9contract\u00e9 \u00e0 col rond et manches longues, confectionn\u00e9 en jersey de coton \u00e9pais avec de larges rayures d\u00e9lav\u00e9es violet et beige. Coupe d\u00e9contract\u00e9e Col rond Manches longues Jersey de coton \u00e9pais, 400 g\/m\u00b2<\/p>\n","protected":false},"featured_media":4133295,"comment_status":"open","ping_status":"closed","template":"","meta":[],"product_brand":[2529],"product_cat":[],"product_tag":[],"acf":[],"_links":{"self":[{"href":"https:\/\/streetmarkets.fr\/app\/wp-json\/wp\/v2\/product\/4050853"}],"collection":[{"href":"https:\/\/streetmarkets.fr\/app\/wp-json\/wp\/v2\/product"}],"about":[{"href":"https:\/\/streetmarkets.fr\/app\/wp-json\/wp\/v2\/types\/product"}],"replies":[{"embeddable":true,"href":"https:\/\/streetmarkets.fr\/app\/wp-json\/wp\/v2\/comments?post=4050853"}],"wp:featuredmedia":[{"embeddable":true,"href":"https:\/\/streetmarkets.fr\/app\/wp-json\/wp\/v2\/media\/4133295"}],"wp:attachment":[{"href":"https:\/\/streetmarkets.fr\/app\/wp-json\/wp\/v2\/media?parent=4050853"}],"wp:term":[{"taxonomy":"product_brand","embeddable":true,"href":"https:\/\/streetmarkets.fr\/app\/wp-json\/wp\/v2\/product_brand?post=4050853"},{"taxonomy":"product_cat","embeddable":true,"href":"https:\/\/streetmarkets.fr\/app\/wp-json\/wp\/v2\/product_cat?post=4050853"},{"taxonomy":"product_tag","embeddable":true,"href":"https:\/\/streetmarkets.fr\/app\/wp-json\/wp\/v2\/product_tag?post=4050853"}],"curies":[{"name":"wp","href":"https:\/\/api.w.org\/{rel}","templated":true}]}}