{"id":4050845,"date":"2026-04-30T02:32:13","date_gmt":"2026-04-30T00:32:13","guid":{"rendered":"https:\/\/streetmarkets.fr\/app\/produit\/t-shirt-a-manches-courtes-vlugs-261-m-h-grey\/"},"modified":"2026-05-10T02:48:30","modified_gmt":"2026-05-10T00:48:30","slug":"t-shirt-a-manches-courtes-vlugs-261-m-h-grey","status":"publish","type":"product","link":"https:\/\/streetmarkets.fr\/app\/produit\/t-shirt-a-manches-courtes-vlugs-261-m-h-grey\/","title":{"rendered":"T-shirt \u00e0 manches courtes Vlugs (261 \/ M \/ H. GREY)"},"content":{"rendered":"<p>T-shirt d\u00e9contract\u00e9 \u00e0 col rond et manches courtes, confectionn\u00e9 en jersey de coton \u00e9pais gris chin\u00e9.<\/p>\n<ul>\n<li>Coupe d\u00e9contract\u00e9e<\/li>\n<li>Encolure ras du cou c\u00f4tel\u00e9e<\/li>\n<li>Manches courtes<\/li>\n<li>Jersey de coton \u00e9pais, 270 g\/m\u00b2<\/li>\n<\/ul>\n","protected":false},"excerpt":{"rendered":"<p>T-shirt d\u00e9contract\u00e9 \u00e0 col rond et manches courtes, confectionn\u00e9 en jersey de coton \u00e9pais gris chin\u00e9. Coupe d\u00e9contract\u00e9e Encolure ras du cou c\u00f4tel\u00e9e Manches courtes Jersey de coton \u00e9pais, 270 g\/m\u00b2<\/p>\n","protected":false},"featured_media":4110977,"comment_status":"open","ping_status":"closed","template":"","meta":[],"product_brand":[2529],"product_cat":[],"product_tag":[],"acf":[],"_links":{"self":[{"href":"https:\/\/streetmarkets.fr\/app\/wp-json\/wp\/v2\/product\/4050845"}],"collection":[{"href":"https:\/\/streetmarkets.fr\/app\/wp-json\/wp\/v2\/product"}],"about":[{"href":"https:\/\/streetmarkets.fr\/app\/wp-json\/wp\/v2\/types\/product"}],"replies":[{"embeddable":true,"href":"https:\/\/streetmarkets.fr\/app\/wp-json\/wp\/v2\/comments?post=4050845"}],"wp:featuredmedia":[{"embeddable":true,"href":"https:\/\/streetmarkets.fr\/app\/wp-json\/wp\/v2\/media\/4110977"}],"wp:attachment":[{"href":"https:\/\/streetmarkets.fr\/app\/wp-json\/wp\/v2\/media?parent=4050845"}],"wp:term":[{"taxonomy":"product_brand","embeddable":true,"href":"https:\/\/streetmarkets.fr\/app\/wp-json\/wp\/v2\/product_brand?post=4050845"},{"taxonomy":"product_cat","embeddable":true,"href":"https:\/\/streetmarkets.fr\/app\/wp-json\/wp\/v2\/product_cat?post=4050845"},{"taxonomy":"product_tag","embeddable":true,"href":"https:\/\/streetmarkets.fr\/app\/wp-json\/wp\/v2\/product_tag?post=4050845"}],"curies":[{"name":"wp","href":"https:\/\/api.w.org\/{rel}","templated":true}]}}