{"id":4050811,"date":"2026-04-30T02:32:11","date_gmt":"2026-04-30T00:32:11","guid":{"rendered":"https:\/\/streetmarkets.fr\/app\/produit\/chemise-a-rayures-flip-261-m-stripe-b\/"},"modified":"2026-05-16T02:36:20","modified_gmt":"2026-05-16T00:36:20","slug":"chemise-a-rayures-flip-261-m-stripe-b","status":"publish","type":"product","link":"https:\/\/streetmarkets.fr\/app\/produit\/chemise-a-rayures-flip-261-m-stripe-b\/","title":{"rendered":"Chemise \u00e0 rayures Flip (261 \/ M \/ STRIPE B)"},"content":{"rendered":"<p>Chemise d\u00e9contract\u00e9e \u00e0 col classique et manches longues, confectionn\u00e9e dans un m\u00e9lange de coton et de lin, avec des rayures verticales bleues et blanches.<\/p>\n<ul>\n<li>Coupe d\u00e9contract\u00e9e<\/li>\n<li>Col chemise<\/li>\n<li>Manches longues<\/li>\n<li>Ouverture boutonn\u00e9e sur le devant<\/li>\n<li>Tissu textur\u00e9<\/li>\n<li>Ourlet droit<\/li>\n<li>Motif \u00e0 rayures verticales<\/li>\n<\/ul>\n","protected":false},"excerpt":{"rendered":"<p>Chemise d\u00e9contract\u00e9e \u00e0 col classique et manches longues, confectionn\u00e9e dans un m\u00e9lange de coton et de lin, avec des rayures verticales bleues et blanches. Coupe d\u00e9contract\u00e9e Col chemise Manches longues Ouverture boutonn\u00e9e sur le devant Tissu textur\u00e9 Ourlet droit Motif \u00e0 rayures verticales<\/p>\n","protected":false},"featured_media":4144182,"comment_status":"open","ping_status":"closed","template":"","meta":[],"product_brand":[2529],"product_cat":[],"product_tag":[],"acf":[],"_links":{"self":[{"href":"https:\/\/streetmarkets.fr\/app\/wp-json\/wp\/v2\/product\/4050811"}],"collection":[{"href":"https:\/\/streetmarkets.fr\/app\/wp-json\/wp\/v2\/product"}],"about":[{"href":"https:\/\/streetmarkets.fr\/app\/wp-json\/wp\/v2\/types\/product"}],"replies":[{"embeddable":true,"href":"https:\/\/streetmarkets.fr\/app\/wp-json\/wp\/v2\/comments?post=4050811"}],"wp:featuredmedia":[{"embeddable":true,"href":"https:\/\/streetmarkets.fr\/app\/wp-json\/wp\/v2\/media\/4144182"}],"wp:attachment":[{"href":"https:\/\/streetmarkets.fr\/app\/wp-json\/wp\/v2\/media?parent=4050811"}],"wp:term":[{"taxonomy":"product_brand","embeddable":true,"href":"https:\/\/streetmarkets.fr\/app\/wp-json\/wp\/v2\/product_brand?post=4050811"},{"taxonomy":"product_cat","embeddable":true,"href":"https:\/\/streetmarkets.fr\/app\/wp-json\/wp\/v2\/product_cat?post=4050811"},{"taxonomy":"product_tag","embeddable":true,"href":"https:\/\/streetmarkets.fr\/app\/wp-json\/wp\/v2\/product_tag?post=4050811"}],"curies":[{"name":"wp","href":"https:\/\/api.w.org\/{rel}","templated":true}]}}