{"id":4050714,"date":"2026-04-30T02:31:52","date_gmt":"2026-04-30T00:31:52","guid":{"rendered":"https:\/\/streetmarkets.fr\/app\/produit\/chemise-decontractee-jops-261-m-navy\/"},"modified":"2026-05-10T02:47:40","modified_gmt":"2026-05-10T00:47:40","slug":"chemise-decontractee-jops-261-m-navy","status":"publish","type":"product","link":"https:\/\/streetmarkets.fr\/app\/produit\/chemise-decontractee-jops-261-m-navy\/","title":{"rendered":"Chemise d\u00e9contract\u00e9e Jops (261 \/ M \/ NAVY)"},"content":{"rendered":"<p>Chemise d\u00e9contract\u00e9e boutonn\u00e9e avec poche poitrine et \u00e9paules tombantes, confectionn\u00e9e en coton ripstop l\u00e9ger bleu marine.<\/p>\n<ul>\n<li>Coupe d\u00e9contract\u00e9e et droite<\/li>\n<li>Fermeture boutonn\u00e9e sur le devant<\/li>\n<li>Poche poitrine plaqu\u00e9e<\/li>\n<li>Manches longues avec poignets boutonn\u00e9s<\/li>\n<li>Ourlet arrondi<\/li>\n<li>Coton ripstop<\/li>\n<\/ul>\n","protected":false},"excerpt":{"rendered":"<p>Chemise d\u00e9contract\u00e9e boutonn\u00e9e avec poche poitrine et \u00e9paules tombantes, confectionn\u00e9e en coton ripstop l\u00e9ger bleu marine. Coupe d\u00e9contract\u00e9e et droite Fermeture boutonn\u00e9e sur le devant Poche poitrine plaqu\u00e9e Manches longues avec poignets boutonn\u00e9s Ourlet arrondi Coton ripstop<\/p>\n","protected":false},"featured_media":4110898,"comment_status":"open","ping_status":"closed","template":"","meta":[],"product_brand":[2529],"product_cat":[],"product_tag":[],"acf":[],"_links":{"self":[{"href":"https:\/\/streetmarkets.fr\/app\/wp-json\/wp\/v2\/product\/4050714"}],"collection":[{"href":"https:\/\/streetmarkets.fr\/app\/wp-json\/wp\/v2\/product"}],"about":[{"href":"https:\/\/streetmarkets.fr\/app\/wp-json\/wp\/v2\/types\/product"}],"replies":[{"embeddable":true,"href":"https:\/\/streetmarkets.fr\/app\/wp-json\/wp\/v2\/comments?post=4050714"}],"wp:featuredmedia":[{"embeddable":true,"href":"https:\/\/streetmarkets.fr\/app\/wp-json\/wp\/v2\/media\/4110898"}],"wp:attachment":[{"href":"https:\/\/streetmarkets.fr\/app\/wp-json\/wp\/v2\/media?parent=4050714"}],"wp:term":[{"taxonomy":"product_brand","embeddable":true,"href":"https:\/\/streetmarkets.fr\/app\/wp-json\/wp\/v2\/product_brand?post=4050714"},{"taxonomy":"product_cat","embeddable":true,"href":"https:\/\/streetmarkets.fr\/app\/wp-json\/wp\/v2\/product_cat?post=4050714"},{"taxonomy":"product_tag","embeddable":true,"href":"https:\/\/streetmarkets.fr\/app\/wp-json\/wp\/v2\/product_tag?post=4050714"}],"curies":[{"name":"wp","href":"https:\/\/api.w.org\/{rel}","templated":true}]}}