{"id":4050676,"date":"2026-04-30T02:31:49","date_gmt":"2026-04-30T00:31:49","guid":{"rendered":"https:\/\/streetmarkets.fr\/app\/produit\/pantalon-chino-en-velours-cotele-jagger-261-m-calcaire\/"},"modified":"2026-05-12T02:35:11","modified_gmt":"2026-05-12T00:35:11","slug":"pantalon-chino-en-velours-cotele-jagger-261-m-calcaire","status":"publish","type":"product","link":"https:\/\/streetmarkets.fr\/app\/produit\/pantalon-chino-en-velours-cotele-jagger-261-m-calcaire\/","title":{"rendered":"Pantalon chino en velours c\u00f4tel\u00e9 Jagger (261 \/ M \/ CALCAIRE)"},"content":{"rendered":"<p>Pantalon chino droit classique en velours c\u00f4tel\u00e9 \u00e9cru, avec des poches en biais et une double surpiq\u00fbres inspir\u00e9es du denim.<\/p>\n<ul>\n<li>Coupe classique<\/li>\n<li>Pantalon chino en velours c\u00f4tel\u00e9<\/li>\n<li>Taille moyenne, jambes droites<\/li>\n<li>Double couture<\/li>\n<li>Poches en biais<\/li>\n<li>Entrejambe : 81 cm (pour la taille 42)<\/li>\n<li>La longueur de l&#8217;entrejambe s&#8217;ajuste l\u00e9g\u00e8rement en fonction de la taille choisie afin d&#8217;assurer un ajustement proportionnel.<\/li>\n<li>Ourlet : 20 cm<\/li>\n<li>M\u00e9lange de coton et de lin<\/li>\n<\/ul>\n","protected":false},"excerpt":{"rendered":"<p>Pantalon chino droit classique en velours c\u00f4tel\u00e9 \u00e9cru, avec des poches en biais et une double surpiq\u00fbres inspir\u00e9es du denim. Coupe classique Pantalon chino en velours c\u00f4tel\u00e9 Taille moyenne, jambes droites Double couture Poches en biais Entrejambe : 81 cm (pour la taille 42) La longueur de l&#8217;entrejambe s&#8217;ajuste l\u00e9g\u00e8rement en fonction de la taille [&hellip;]<\/p>\n","protected":false},"featured_media":4121760,"comment_status":"open","ping_status":"closed","template":"","meta":[],"product_brand":[2529],"product_cat":[],"product_tag":[],"acf":[],"_links":{"self":[{"href":"https:\/\/streetmarkets.fr\/app\/wp-json\/wp\/v2\/product\/4050676"}],"collection":[{"href":"https:\/\/streetmarkets.fr\/app\/wp-json\/wp\/v2\/product"}],"about":[{"href":"https:\/\/streetmarkets.fr\/app\/wp-json\/wp\/v2\/types\/product"}],"replies":[{"embeddable":true,"href":"https:\/\/streetmarkets.fr\/app\/wp-json\/wp\/v2\/comments?post=4050676"}],"wp:featuredmedia":[{"embeddable":true,"href":"https:\/\/streetmarkets.fr\/app\/wp-json\/wp\/v2\/media\/4121760"}],"wp:attachment":[{"href":"https:\/\/streetmarkets.fr\/app\/wp-json\/wp\/v2\/media?parent=4050676"}],"wp:term":[{"taxonomy":"product_brand","embeddable":true,"href":"https:\/\/streetmarkets.fr\/app\/wp-json\/wp\/v2\/product_brand?post=4050676"},{"taxonomy":"product_cat","embeddable":true,"href":"https:\/\/streetmarkets.fr\/app\/wp-json\/wp\/v2\/product_cat?post=4050676"},{"taxonomy":"product_tag","embeddable":true,"href":"https:\/\/streetmarkets.fr\/app\/wp-json\/wp\/v2\/product_tag?post=4050676"}],"curies":[{"name":"wp","href":"https:\/\/api.w.org\/{rel}","templated":true}]}}