{"id":4050663,"date":"2026-04-30T02:31:48","date_gmt":"2026-04-30T00:31:48","guid":{"rendered":"https:\/\/streetmarkets.fr\/app\/produit\/pantalon-en-velours-cotele-julius-261-m-wan\/"},"modified":"2026-05-10T02:47:40","modified_gmt":"2026-05-10T00:47:40","slug":"pantalon-en-velours-cotele-julius-261-m-wan","status":"publish","type":"product","link":"https:\/\/streetmarkets.fr\/app\/produit\/pantalon-en-velours-cotele-julius-261-m-wan\/","title":{"rendered":"Pantalon en velours c\u00f4tel\u00e9 Julius (261 \/ M \/ WAN)"},"content":{"rendered":"<p>Pantalon ample \u00e0 devant plat, taille coulissante et jambes droites larges, en velours c\u00f4tel\u00e9 de coton blanc cass\u00e9.<\/p>\n<ul>\n<li>Coupe d\u00e9contract\u00e9e, style ample<\/li>\n<li>Taille \u00e9lastiqu\u00e9e avec cordon de serrage<\/li>\n<li>Jambes droites et larges<\/li>\n<li>Velours c\u00f4tel\u00e9 en coton <\/li>\n<li>Entrejambe : 71 cm (pour la taille 42)<\/li>\n<li>La longueur de l&#8217;entrejambe s&#8217;ajuste l\u00e9g\u00e8rement en fonction de la taille choisie pour garantir une coupe proportionn\u00e9e.<\/li>\n<li>Ourlet : 22 cm<\/li>\n<\/ul>\n","protected":false},"excerpt":{"rendered":"<p>Pantalon ample \u00e0 devant plat, taille coulissante et jambes droites larges, en velours c\u00f4tel\u00e9 de coton blanc cass\u00e9. Coupe d\u00e9contract\u00e9e, style ample Taille \u00e9lastiqu\u00e9e avec cordon de serrage Jambes droites et larges Velours c\u00f4tel\u00e9 en coton Entrejambe : 71 cm (pour la taille 42) La longueur de l&#8217;entrejambe s&#8217;ajuste l\u00e9g\u00e8rement en fonction de la taille [&hellip;]<\/p>\n","protected":false},"featured_media":4110866,"comment_status":"open","ping_status":"closed","template":"","meta":[],"product_brand":[2529],"product_cat":[],"product_tag":[],"acf":[],"_links":{"self":[{"href":"https:\/\/streetmarkets.fr\/app\/wp-json\/wp\/v2\/product\/4050663"}],"collection":[{"href":"https:\/\/streetmarkets.fr\/app\/wp-json\/wp\/v2\/product"}],"about":[{"href":"https:\/\/streetmarkets.fr\/app\/wp-json\/wp\/v2\/types\/product"}],"replies":[{"embeddable":true,"href":"https:\/\/streetmarkets.fr\/app\/wp-json\/wp\/v2\/comments?post=4050663"}],"wp:featuredmedia":[{"embeddable":true,"href":"https:\/\/streetmarkets.fr\/app\/wp-json\/wp\/v2\/media\/4110866"}],"wp:attachment":[{"href":"https:\/\/streetmarkets.fr\/app\/wp-json\/wp\/v2\/media?parent=4050663"}],"wp:term":[{"taxonomy":"product_brand","embeddable":true,"href":"https:\/\/streetmarkets.fr\/app\/wp-json\/wp\/v2\/product_brand?post=4050663"},{"taxonomy":"product_cat","embeddable":true,"href":"https:\/\/streetmarkets.fr\/app\/wp-json\/wp\/v2\/product_cat?post=4050663"},{"taxonomy":"product_tag","embeddable":true,"href":"https:\/\/streetmarkets.fr\/app\/wp-json\/wp\/v2\/product_tag?post=4050663"}],"curies":[{"name":"wp","href":"https:\/\/api.w.org\/{rel}","templated":true}]}}