{"id":4050368,"date":"2026-04-30T02:31:13","date_gmt":"2026-04-30T00:31:13","guid":{"rendered":"https:\/\/streetmarkets.fr\/app\/produit\/jean-droit-denim-n-08-261-m-md-blue-marble\/"},"modified":"2026-05-03T02:34:08","modified_gmt":"2026-05-03T00:34:08","slug":"jean-droit-denim-n-08-261-m-md-blue-marble","status":"publish","type":"product","link":"https:\/\/streetmarkets.fr\/app\/produit\/jean-droit-denim-n-08-261-m-md-blue-marble\/","title":{"rendered":"Jean droit &#8211; Denim N. 08 (261 \/ M \/ MD BLUE MARBLE)"},"content":{"rendered":"<p>Jean 5 poches d\u00e9contract\u00e9 avec un entrejambe bas et des jambes droites et larges, confectionn\u00e9 en denim de coton \u00e9pais bleu moyen d\u00e9lav\u00e9.<\/p>\n<ul>\n<li>Coupe d\u00e9contract\u00e9e<\/li>\n<li>Entrejambe bas, jambes droites et larges<\/li>\n<li>Denim \u00e9pais non extensible<\/li>\n<li>Braguette \u00e0 boutons<\/li>\n<li>Longueur entrejambe : 79 cm (pour la taille 32)<\/li>\n<li>La longueur de l&#8217;entrejambe varie l\u00e9g\u00e8rement en fonction de la taille choisie afin d&#8217;assurer une coupe proportionn\u00e9e.<\/li>\n<li>Ourlet : 24,7 cm<\/li>\n<li>Anciennement connu sous le nom de Point Jeans<\/li>\n<\/ul>\n","protected":false},"excerpt":{"rendered":"<p>Jean 5 poches d\u00e9contract\u00e9 avec un entrejambe bas et des jambes droites et larges, confectionn\u00e9 en denim de coton \u00e9pais bleu moyen d\u00e9lav\u00e9. Coupe d\u00e9contract\u00e9e Entrejambe bas, jambes droites et larges Denim \u00e9pais non extensible Braguette \u00e0 boutons Longueur entrejambe : 79 cm (pour la taille 32) La longueur de l&#8217;entrejambe varie l\u00e9g\u00e8rement en fonction [&hellip;]<\/p>\n","protected":false},"featured_media":4070425,"comment_status":"open","ping_status":"closed","template":"","meta":[],"product_brand":[2529],"product_cat":[],"product_tag":[],"acf":[],"_links":{"self":[{"href":"https:\/\/streetmarkets.fr\/app\/wp-json\/wp\/v2\/product\/4050368"}],"collection":[{"href":"https:\/\/streetmarkets.fr\/app\/wp-json\/wp\/v2\/product"}],"about":[{"href":"https:\/\/streetmarkets.fr\/app\/wp-json\/wp\/v2\/types\/product"}],"replies":[{"embeddable":true,"href":"https:\/\/streetmarkets.fr\/app\/wp-json\/wp\/v2\/comments?post=4050368"}],"wp:featuredmedia":[{"embeddable":true,"href":"https:\/\/streetmarkets.fr\/app\/wp-json\/wp\/v2\/media\/4070425"}],"wp:attachment":[{"href":"https:\/\/streetmarkets.fr\/app\/wp-json\/wp\/v2\/media?parent=4050368"}],"wp:term":[{"taxonomy":"product_brand","embeddable":true,"href":"https:\/\/streetmarkets.fr\/app\/wp-json\/wp\/v2\/product_brand?post=4050368"},{"taxonomy":"product_cat","embeddable":true,"href":"https:\/\/streetmarkets.fr\/app\/wp-json\/wp\/v2\/product_cat?post=4050368"},{"taxonomy":"product_tag","embeddable":true,"href":"https:\/\/streetmarkets.fr\/app\/wp-json\/wp\/v2\/product_tag?post=4050368"}],"curies":[{"name":"wp","href":"https:\/\/api.w.org\/{rel}","templated":true}]}}