{"id":4050331,"date":"2026-04-30T02:31:10","date_gmt":"2026-04-30T00:31:10","guid":{"rendered":"https:\/\/streetmarkets.fr\/app\/produit\/pantalon-large-swag-261-m-black\/"},"modified":"2026-05-11T02:44:07","modified_gmt":"2026-05-11T00:44:07","slug":"pantalon-large-swag-261-m-black","status":"publish","type":"product","link":"https:\/\/streetmarkets.fr\/app\/produit\/pantalon-large-swag-261-m-black\/","title":{"rendered":"Pantalon large Swag (261 \/ M \/ BLACK)"},"content":{"rendered":"<p>Pantalon classique d\u00e9contract\u00e9 \u00e0 jambes tr\u00e8s larges, entrejambe bas, silhouette oversize et large ceinture, confectionn\u00e9 en twill de coton noir uni.<\/p>\n<ul>\n<li>Coupe d\u00e9contract\u00e9e<\/li>\n<li>Silhouette oversize<\/li>\n<li>Entrejambe bas, jambes larges<\/li>\n<li>Large ceinture<\/li>\n<li>Poches classiques en biais<\/li>\n<li>Coton twill \u00e9pur\u00e9<\/li>\n<li>L\u00e9g\u00e8rement brillant<\/li>\n<\/ul>\n","protected":false},"excerpt":{"rendered":"<p>Pantalon classique d\u00e9contract\u00e9 \u00e0 jambes tr\u00e8s larges, entrejambe bas, silhouette oversize et large ceinture, confectionn\u00e9 en twill de coton noir uni. Coupe d\u00e9contract\u00e9e Silhouette oversize Entrejambe bas, jambes larges Large ceinture Poches classiques en biais Coton twill \u00e9pur\u00e9 L\u00e9g\u00e8rement brillant<\/p>\n","protected":false},"featured_media":4116434,"comment_status":"open","ping_status":"closed","template":"","meta":[],"product_brand":[2529],"product_cat":[],"product_tag":[],"acf":[],"_links":{"self":[{"href":"https:\/\/streetmarkets.fr\/app\/wp-json\/wp\/v2\/product\/4050331"}],"collection":[{"href":"https:\/\/streetmarkets.fr\/app\/wp-json\/wp\/v2\/product"}],"about":[{"href":"https:\/\/streetmarkets.fr\/app\/wp-json\/wp\/v2\/types\/product"}],"replies":[{"embeddable":true,"href":"https:\/\/streetmarkets.fr\/app\/wp-json\/wp\/v2\/comments?post=4050331"}],"wp:featuredmedia":[{"embeddable":true,"href":"https:\/\/streetmarkets.fr\/app\/wp-json\/wp\/v2\/media\/4116434"}],"wp:attachment":[{"href":"https:\/\/streetmarkets.fr\/app\/wp-json\/wp\/v2\/media?parent=4050331"}],"wp:term":[{"taxonomy":"product_brand","embeddable":true,"href":"https:\/\/streetmarkets.fr\/app\/wp-json\/wp\/v2\/product_brand?post=4050331"},{"taxonomy":"product_cat","embeddable":true,"href":"https:\/\/streetmarkets.fr\/app\/wp-json\/wp\/v2\/product_cat?post=4050331"},{"taxonomy":"product_tag","embeddable":true,"href":"https:\/\/streetmarkets.fr\/app\/wp-json\/wp\/v2\/product_tag?post=4050331"}],"curies":[{"name":"wp","href":"https:\/\/api.w.org\/{rel}","templated":true}]}}