{"id":4050308,"date":"2026-04-30T02:31:09","date_gmt":"2026-04-30T00:31:09","guid":{"rendered":"https:\/\/streetmarkets.fr\/app\/produit\/polo-a-manches-longues-vlugies-261-m-navy\/"},"modified":"2026-05-15T02:35:08","modified_gmt":"2026-05-15T00:35:08","slug":"polo-a-manches-longues-vlugies-261-m-navy","status":"publish","type":"product","link":"https:\/\/streetmarkets.fr\/app\/produit\/polo-a-manches-longues-vlugies-261-m-navy\/","title":{"rendered":"Polo \u00e0 manches longues Vlugies (261 \/ M \/ NAVY)"},"content":{"rendered":"<p>Polo d\u00e9contract\u00e9 \u00e0 manches longues en coton bleu marine d\u00e9lav\u00e9.<\/p>\n<ul>\n<li>Manches longues<\/li>\n<li>Col ouvert c\u00f4tel\u00e9<\/li>\n<li>Coton d\u00e9lav\u00e9<\/li>\n<\/ul>\n","protected":false},"excerpt":{"rendered":"<p>Polo d\u00e9contract\u00e9 \u00e0 manches longues en coton bleu marine d\u00e9lav\u00e9. Manches longues Col ouvert c\u00f4tel\u00e9 Coton d\u00e9lav\u00e9<\/p>\n","protected":false},"featured_media":4138830,"comment_status":"open","ping_status":"closed","template":"","meta":[],"product_brand":[2529],"product_cat":[],"product_tag":[],"acf":[],"_links":{"self":[{"href":"https:\/\/streetmarkets.fr\/app\/wp-json\/wp\/v2\/product\/4050308"}],"collection":[{"href":"https:\/\/streetmarkets.fr\/app\/wp-json\/wp\/v2\/product"}],"about":[{"href":"https:\/\/streetmarkets.fr\/app\/wp-json\/wp\/v2\/types\/product"}],"replies":[{"embeddable":true,"href":"https:\/\/streetmarkets.fr\/app\/wp-json\/wp\/v2\/comments?post=4050308"}],"wp:featuredmedia":[{"embeddable":true,"href":"https:\/\/streetmarkets.fr\/app\/wp-json\/wp\/v2\/media\/4138830"}],"wp:attachment":[{"href":"https:\/\/streetmarkets.fr\/app\/wp-json\/wp\/v2\/media?parent=4050308"}],"wp:term":[{"taxonomy":"product_brand","embeddable":true,"href":"https:\/\/streetmarkets.fr\/app\/wp-json\/wp\/v2\/product_brand?post=4050308"},{"taxonomy":"product_cat","embeddable":true,"href":"https:\/\/streetmarkets.fr\/app\/wp-json\/wp\/v2\/product_cat?post=4050308"},{"taxonomy":"product_tag","embeddable":true,"href":"https:\/\/streetmarkets.fr\/app\/wp-json\/wp\/v2\/product_tag?post=4050308"}],"curies":[{"name":"wp","href":"https:\/\/api.w.org\/{rel}","templated":true}]}}