{"id":4050205,"date":"2026-04-30T02:30:57","date_gmt":"2026-04-30T00:30:57","guid":{"rendered":"https:\/\/streetmarkets.fr\/app\/produit\/polo-en-maille-gaufree-adoko-261-m-parker\/"},"modified":"2026-05-09T02:43:24","modified_gmt":"2026-05-09T00:43:24","slug":"polo-en-maille-gaufree-adoko-261-m-parker","status":"publish","type":"product","link":"https:\/\/streetmarkets.fr\/app\/produit\/polo-en-maille-gaufree-adoko-261-m-parker\/","title":{"rendered":"Polo en maille gaufr\u00e9e Adoko (261 \/ M \/ PARKER)"},"content":{"rendered":"<p>Polo \u00e0 manches courtes en maille gaufr\u00e9e bleu fonc\u00e9, avec un col ouvert c\u00f4tel\u00e9, un ourlet c\u00f4tel\u00e9 et des poignets c\u00f4tel\u00e9s.<\/p>\n<ul>\n<li>Col ouvert c\u00f4tel\u00e9 avec encolure en V<\/li>\n<li>Manches courtes<\/li>\n<li>Ourlet et poignets c\u00f4tel\u00e9s<\/li>\n<li>Tissu gaufr\u00e9 de poids moyen<\/li>\n<li>D\u00e9tails noirs sur le col, les poignets et l&#8217;ourlet<\/li>\n<li>M\u00e9lange de coton<\/li>\n<\/ul>\n","protected":false},"excerpt":{"rendered":"<p>Polo \u00e0 manches courtes en maille gaufr\u00e9e bleu fonc\u00e9, avec un col ouvert c\u00f4tel\u00e9, un ourlet c\u00f4tel\u00e9 et des poignets c\u00f4tel\u00e9s. Col ouvert c\u00f4tel\u00e9 avec encolure en V Manches courtes Ourlet et poignets c\u00f4tel\u00e9s Tissu gaufr\u00e9 de poids moyen D\u00e9tails noirs sur le col, les poignets et l&#8217;ourlet M\u00e9lange de coton<\/p>\n","protected":false},"featured_media":4105560,"comment_status":"open","ping_status":"closed","template":"","meta":[],"product_brand":[2529],"product_cat":[],"product_tag":[],"acf":[],"_links":{"self":[{"href":"https:\/\/streetmarkets.fr\/app\/wp-json\/wp\/v2\/product\/4050205"}],"collection":[{"href":"https:\/\/streetmarkets.fr\/app\/wp-json\/wp\/v2\/product"}],"about":[{"href":"https:\/\/streetmarkets.fr\/app\/wp-json\/wp\/v2\/types\/product"}],"replies":[{"embeddable":true,"href":"https:\/\/streetmarkets.fr\/app\/wp-json\/wp\/v2\/comments?post=4050205"}],"wp:featuredmedia":[{"embeddable":true,"href":"https:\/\/streetmarkets.fr\/app\/wp-json\/wp\/v2\/media\/4105560"}],"wp:attachment":[{"href":"https:\/\/streetmarkets.fr\/app\/wp-json\/wp\/v2\/media?parent=4050205"}],"wp:term":[{"taxonomy":"product_brand","embeddable":true,"href":"https:\/\/streetmarkets.fr\/app\/wp-json\/wp\/v2\/product_brand?post=4050205"},{"taxonomy":"product_cat","embeddable":true,"href":"https:\/\/streetmarkets.fr\/app\/wp-json\/wp\/v2\/product_cat?post=4050205"},{"taxonomy":"product_tag","embeddable":true,"href":"https:\/\/streetmarkets.fr\/app\/wp-json\/wp\/v2\/product_tag?post=4050205"}],"curies":[{"name":"wp","href":"https:\/\/api.w.org\/{rel}","templated":true}]}}