{"id":4050132,"date":"2026-04-30T02:30:51","date_gmt":"2026-04-30T00:30:51","guid":{"rendered":"https:\/\/streetmarkets.fr\/app\/produit\/sweatshirt-col-rond-fapien-261-m-military\/"},"modified":"2026-05-12T02:34:10","modified_gmt":"2026-05-12T00:34:10","slug":"sweatshirt-col-rond-fapien-261-m-military","status":"publish","type":"product","link":"https:\/\/streetmarkets.fr\/app\/produit\/sweatshirt-col-rond-fapien-261-m-military\/","title":{"rendered":"Sweatshirt col rond Fapien (261 \/ M \/ MILITARY)"},"content":{"rendered":"<p>Sweatshirt vert d\u00e9contract\u00e9 \u00e0 col rond avec empi\u00e8cements aux \u00e9paules.<\/p>\n<ul>\n<li>Coupe d\u00e9contract\u00e9e<\/li>\n<li>Col rond<\/li>\n<li>\u00c9paules tombantes<\/li>\n<li>Col, poignets et ourlet c\u00f4tel\u00e9s<\/li>\n<li>Empi\u00e8cements aux \u00e9paules ton sur ton<\/li>\n<li>D\u00e9tails vieillis sur l&#8217;encolure, les poignets et l&#8217;ourlet<\/li>\n<li>Logo brod\u00e9 Blr<\/li>\n<li>100% coton mi-\u00e9paisseur<\/li>\n<\/ul>\n","protected":false},"excerpt":{"rendered":"<p>Sweatshirt vert d\u00e9contract\u00e9 \u00e0 col rond avec empi\u00e8cements aux \u00e9paules. Coupe d\u00e9contract\u00e9e Col rond \u00c9paules tombantes Col, poignets et ourlet c\u00f4tel\u00e9s Empi\u00e8cements aux \u00e9paules ton sur ton D\u00e9tails vieillis sur l&#8217;encolure, les poignets et l&#8217;ourlet Logo brod\u00e9 Blr 100% coton mi-\u00e9paisseur<\/p>\n","protected":false},"featured_media":4121434,"comment_status":"open","ping_status":"closed","template":"","meta":[],"product_brand":[2529],"product_cat":[],"product_tag":[],"acf":[],"_links":{"self":[{"href":"https:\/\/streetmarkets.fr\/app\/wp-json\/wp\/v2\/product\/4050132"}],"collection":[{"href":"https:\/\/streetmarkets.fr\/app\/wp-json\/wp\/v2\/product"}],"about":[{"href":"https:\/\/streetmarkets.fr\/app\/wp-json\/wp\/v2\/types\/product"}],"replies":[{"embeddable":true,"href":"https:\/\/streetmarkets.fr\/app\/wp-json\/wp\/v2\/comments?post=4050132"}],"wp:featuredmedia":[{"embeddable":true,"href":"https:\/\/streetmarkets.fr\/app\/wp-json\/wp\/v2\/media\/4121434"}],"wp:attachment":[{"href":"https:\/\/streetmarkets.fr\/app\/wp-json\/wp\/v2\/media?parent=4050132"}],"wp:term":[{"taxonomy":"product_brand","embeddable":true,"href":"https:\/\/streetmarkets.fr\/app\/wp-json\/wp\/v2\/product_brand?post=4050132"},{"taxonomy":"product_cat","embeddable":true,"href":"https:\/\/streetmarkets.fr\/app\/wp-json\/wp\/v2\/product_cat?post=4050132"},{"taxonomy":"product_tag","embeddable":true,"href":"https:\/\/streetmarkets.fr\/app\/wp-json\/wp\/v2\/product_tag?post=4050132"}],"curies":[{"name":"wp","href":"https:\/\/api.w.org\/{rel}","templated":true}]}}