{"id":4050073,"date":"2026-04-30T02:30:46","date_gmt":"2026-04-30T00:30:46","guid":{"rendered":"https:\/\/streetmarkets.fr\/app\/produit\/surchemise-style-workwear-plover-261-m-worker\/"},"modified":"2026-05-10T02:45:47","modified_gmt":"2026-05-10T00:45:47","slug":"surchemise-style-workwear-plover-261-m-worker","status":"publish","type":"product","link":"https:\/\/streetmarkets.fr\/app\/produit\/surchemise-style-workwear-plover-261-m-worker\/","title":{"rendered":"Surchemise style workwear Plover (261 \/ M \/ WORKER)"},"content":{"rendered":"<p>Surchemise style workwear en ripstop bleu marine avec une coupe d\u00e9contract\u00e9e, un col en velours c\u00f4tel\u00e9 contrast\u00e9, une fermeture zipp\u00e9e sur le devant et deux poches poitrine.<\/p>\n<ul>\n<li>Col en velours c\u00f4tel\u00e9 contrast\u00e9<\/li>\n<li>Patte de boutonnage dissimul\u00e9e sur le devant Deux poches plaqu\u00e9es sur la poitrine<\/li>\n<li>Poignets boutonn\u00e9s<\/li>\n<li>Ourlet droit<\/li>\n<li>Coupe carr\u00e9e<\/li>\n<\/ul>\n","protected":false},"excerpt":{"rendered":"<p>Surchemise style workwear en ripstop bleu marine avec une coupe d\u00e9contract\u00e9e, un col en velours c\u00f4tel\u00e9 contrast\u00e9, une fermeture zipp\u00e9e sur le devant et deux poches poitrine. Col en velours c\u00f4tel\u00e9 contrast\u00e9 Patte de boutonnage dissimul\u00e9e sur le devant Deux poches plaqu\u00e9es sur la poitrine Poignets boutonn\u00e9s Ourlet droit Coupe carr\u00e9e<\/p>\n","protected":false},"featured_media":4110513,"comment_status":"open","ping_status":"closed","template":"","meta":[],"product_brand":[2529],"product_cat":[],"product_tag":[],"acf":[],"_links":{"self":[{"href":"https:\/\/streetmarkets.fr\/app\/wp-json\/wp\/v2\/product\/4050073"}],"collection":[{"href":"https:\/\/streetmarkets.fr\/app\/wp-json\/wp\/v2\/product"}],"about":[{"href":"https:\/\/streetmarkets.fr\/app\/wp-json\/wp\/v2\/types\/product"}],"replies":[{"embeddable":true,"href":"https:\/\/streetmarkets.fr\/app\/wp-json\/wp\/v2\/comments?post=4050073"}],"wp:featuredmedia":[{"embeddable":true,"href":"https:\/\/streetmarkets.fr\/app\/wp-json\/wp\/v2\/media\/4110513"}],"wp:attachment":[{"href":"https:\/\/streetmarkets.fr\/app\/wp-json\/wp\/v2\/media?parent=4050073"}],"wp:term":[{"taxonomy":"product_brand","embeddable":true,"href":"https:\/\/streetmarkets.fr\/app\/wp-json\/wp\/v2\/product_brand?post=4050073"},{"taxonomy":"product_cat","embeddable":true,"href":"https:\/\/streetmarkets.fr\/app\/wp-json\/wp\/v2\/product_cat?post=4050073"},{"taxonomy":"product_tag","embeddable":true,"href":"https:\/\/streetmarkets.fr\/app\/wp-json\/wp\/v2\/product_tag?post=4050073"}],"curies":[{"name":"wp","href":"https:\/\/api.w.org\/{rel}","templated":true}]}}