{"id":4049977,"date":"2026-04-30T02:30:27","date_gmt":"2026-04-30T00:30:27","guid":{"rendered":"https:\/\/streetmarkets.fr\/app\/produit\/t-shirt-a-manches-courtes-fursty-261-m-wan\/"},"modified":"2026-05-11T02:43:11","modified_gmt":"2026-05-11T00:43:11","slug":"t-shirt-a-manches-courtes-fursty-261-m-wan","status":"publish","type":"product","link":"https:\/\/streetmarkets.fr\/app\/produit\/t-shirt-a-manches-courtes-fursty-261-m-wan\/","title":{"rendered":"T-shirt \u00e0 manches courtes Fursty (261 \/ M \/ WAN)"},"content":{"rendered":"<p>T-shirt oversize \u00e0 col rond et manches courtes, avec bords en biais, confectionn\u00e9 dans un jersey de coton \u00e9pais de couleur beige d\u00e9lav\u00e9.<\/p>\n<ul>\n<li>Coupe oversize : choisissez votre taille habituelle pour le look souhait\u00e9 ou une taille en dessous pour une coupe plus ajust\u00e9e.<\/li>\n<li>Col rond c\u00f4tel\u00e9<\/li>\n<li>Manches courtes<\/li>\n<li>Bords en biais \u00e0 l&#8217;ourlet et aux manches<\/li>\n<li>Jersey de coton \u00e9pais, 365 g\/m\u00b2<\/li>\n<\/ul>\n","protected":false},"excerpt":{"rendered":"<p>T-shirt oversize \u00e0 col rond et manches courtes, avec bords en biais, confectionn\u00e9 dans un jersey de coton \u00e9pais de couleur beige d\u00e9lav\u00e9. Coupe oversize : choisissez votre taille habituelle pour le look souhait\u00e9 ou une taille en dessous pour une coupe plus ajust\u00e9e. Col rond c\u00f4tel\u00e9 Manches courtes Bords en biais \u00e0 l&#8217;ourlet et [&hellip;]<\/p>\n","protected":false},"featured_media":4116226,"comment_status":"open","ping_status":"closed","template":"","meta":[],"product_brand":[2529],"product_cat":[],"product_tag":[],"acf":[],"_links":{"self":[{"href":"https:\/\/streetmarkets.fr\/app\/wp-json\/wp\/v2\/product\/4049977"}],"collection":[{"href":"https:\/\/streetmarkets.fr\/app\/wp-json\/wp\/v2\/product"}],"about":[{"href":"https:\/\/streetmarkets.fr\/app\/wp-json\/wp\/v2\/types\/product"}],"replies":[{"embeddable":true,"href":"https:\/\/streetmarkets.fr\/app\/wp-json\/wp\/v2\/comments?post=4049977"}],"wp:featuredmedia":[{"embeddable":true,"href":"https:\/\/streetmarkets.fr\/app\/wp-json\/wp\/v2\/media\/4116226"}],"wp:attachment":[{"href":"https:\/\/streetmarkets.fr\/app\/wp-json\/wp\/v2\/media?parent=4049977"}],"wp:term":[{"taxonomy":"product_brand","embeddable":true,"href":"https:\/\/streetmarkets.fr\/app\/wp-json\/wp\/v2\/product_brand?post=4049977"},{"taxonomy":"product_cat","embeddable":true,"href":"https:\/\/streetmarkets.fr\/app\/wp-json\/wp\/v2\/product_cat?post=4049977"},{"taxonomy":"product_tag","embeddable":true,"href":"https:\/\/streetmarkets.fr\/app\/wp-json\/wp\/v2\/product_tag?post=4049977"}],"curies":[{"name":"wp","href":"https:\/\/api.w.org\/{rel}","templated":true}]}}