{"id":4049965,"date":"2026-04-30T02:30:26","date_gmt":"2026-04-30T00:30:26","guid":{"rendered":"https:\/\/streetmarkets.fr\/app\/produit\/t-shirt-a-manches-longues-fuller-261-m-gloomy\/"},"modified":"2026-05-15T02:33:57","modified_gmt":"2026-05-15T00:33:57","slug":"t-shirt-a-manches-longues-fuller-261-m-gloomy","status":"publish","type":"product","link":"https:\/\/streetmarkets.fr\/app\/produit\/t-shirt-a-manches-longues-fuller-261-m-gloomy\/","title":{"rendered":"T-shirt \u00e0 manches longues Fuller (261 \/ M \/ GLOOMY)"},"content":{"rendered":"<p>T-shirt d\u00e9contract\u00e9 \u00e0 col rond et manches longues, confectionn\u00e9 en jersey de coton \u00e9pais dans un coloris gris-bleu d\u00e9lav\u00e9 clair.<\/p>\n<ul>\n<li>Coupe d\u00e9contract\u00e9e<\/li>\n<li>Col rond<\/li>\n<li>Manches longues<\/li>\n<li>Jersey de coton \u00e9pais, 450 g\/m\u00b2<\/li>\n<li>Ensemble assorti avec le short Flank Wide<\/li>\n<\/ul>\n","protected":false},"excerpt":{"rendered":"<p>T-shirt d\u00e9contract\u00e9 \u00e0 col rond et manches longues, confectionn\u00e9 en jersey de coton \u00e9pais dans un coloris gris-bleu d\u00e9lav\u00e9 clair. Coupe d\u00e9contract\u00e9e Col rond Manches longues Jersey de coton \u00e9pais, 450 g\/m\u00b2 Ensemble assorti avec le short Flank Wide<\/p>\n","protected":false},"featured_media":4138629,"comment_status":"open","ping_status":"closed","template":"","meta":[],"product_brand":[2529],"product_cat":[],"product_tag":[],"acf":[],"_links":{"self":[{"href":"https:\/\/streetmarkets.fr\/app\/wp-json\/wp\/v2\/product\/4049965"}],"collection":[{"href":"https:\/\/streetmarkets.fr\/app\/wp-json\/wp\/v2\/product"}],"about":[{"href":"https:\/\/streetmarkets.fr\/app\/wp-json\/wp\/v2\/types\/product"}],"replies":[{"embeddable":true,"href":"https:\/\/streetmarkets.fr\/app\/wp-json\/wp\/v2\/comments?post=4049965"}],"wp:featuredmedia":[{"embeddable":true,"href":"https:\/\/streetmarkets.fr\/app\/wp-json\/wp\/v2\/media\/4138629"}],"wp:attachment":[{"href":"https:\/\/streetmarkets.fr\/app\/wp-json\/wp\/v2\/media?parent=4049965"}],"wp:term":[{"taxonomy":"product_brand","embeddable":true,"href":"https:\/\/streetmarkets.fr\/app\/wp-json\/wp\/v2\/product_brand?post=4049965"},{"taxonomy":"product_cat","embeddable":true,"href":"https:\/\/streetmarkets.fr\/app\/wp-json\/wp\/v2\/product_cat?post=4049965"},{"taxonomy":"product_tag","embeddable":true,"href":"https:\/\/streetmarkets.fr\/app\/wp-json\/wp\/v2\/product_tag?post=4049965"}],"curies":[{"name":"wp","href":"https:\/\/api.w.org\/{rel}","templated":true}]}}