{"id":4049772,"date":"2026-04-30T02:30:10","date_gmt":"2026-04-30T00:30:10","guid":{"rendered":"https:\/\/streetmarkets.fr\/app\/produit\/bracelet-n-19-261-w-multicolor\/"},"modified":"2026-05-12T02:33:15","modified_gmt":"2026-05-12T00:33:15","slug":"bracelet-n-19-261-w-multicolor","status":"publish","type":"product","link":"https:\/\/streetmarkets.fr\/app\/produit\/bracelet-n-19-261-w-multicolor\/","title":{"rendered":"Bracelet N\u00b0 19 (261 \/ W \/ MULTICOLOR)"},"content":{"rendered":"<p>Le bracelet Mary Gaitani N\u00b0 19 se compose d&#8217;un double cordon tress\u00e9 orn\u00e9 de perles en verre, de pierres naturelles et de d\u00e9tails en argent plaqu\u00e9 or.<\/p>\n<ul>\n<li>Longueur : 17,5 cm<\/li>\n<li>Style : N\u00b0 19<\/li>\n<li>Couleur : Rouge\/Multicolore<\/li>\n<\/ul>\n","protected":false},"excerpt":{"rendered":"<p>Le bracelet Mary Gaitani N\u00b0 19 se compose d&#8217;un double cordon tress\u00e9 orn\u00e9 de perles en verre, de pierres naturelles et de d\u00e9tails en argent plaqu\u00e9 or. Longueur : 17,5 cm Style : N\u00b0 19 Couleur : Rouge\/Multicolore<\/p>\n","protected":false},"featured_media":4121222,"comment_status":"open","ping_status":"closed","template":"","meta":[],"product_brand":[],"product_cat":[],"product_tag":[],"acf":[],"_links":{"self":[{"href":"https:\/\/streetmarkets.fr\/app\/wp-json\/wp\/v2\/product\/4049772"}],"collection":[{"href":"https:\/\/streetmarkets.fr\/app\/wp-json\/wp\/v2\/product"}],"about":[{"href":"https:\/\/streetmarkets.fr\/app\/wp-json\/wp\/v2\/types\/product"}],"replies":[{"embeddable":true,"href":"https:\/\/streetmarkets.fr\/app\/wp-json\/wp\/v2\/comments?post=4049772"}],"wp:featuredmedia":[{"embeddable":true,"href":"https:\/\/streetmarkets.fr\/app\/wp-json\/wp\/v2\/media\/4121222"}],"wp:attachment":[{"href":"https:\/\/streetmarkets.fr\/app\/wp-json\/wp\/v2\/media?parent=4049772"}],"wp:term":[{"taxonomy":"product_brand","embeddable":true,"href":"https:\/\/streetmarkets.fr\/app\/wp-json\/wp\/v2\/product_brand?post=4049772"},{"taxonomy":"product_cat","embeddable":true,"href":"https:\/\/streetmarkets.fr\/app\/wp-json\/wp\/v2\/product_cat?post=4049772"},{"taxonomy":"product_tag","embeddable":true,"href":"https:\/\/streetmarkets.fr\/app\/wp-json\/wp\/v2\/product_tag?post=4049772"}],"curies":[{"name":"wp","href":"https:\/\/api.w.org\/{rel}","templated":true}]}}