{"id":4049752,"date":"2026-04-30T02:30:08","date_gmt":"2026-04-30T00:30:08","guid":{"rendered":"https:\/\/streetmarkets.fr\/app\/produit\/chaussettes-mi-mollet-cotelees-pour-homme-261-m-multicolor\/"},"modified":"2026-05-11T02:42:21","modified_gmt":"2026-05-11T00:42:21","slug":"chaussettes-mi-mollet-cotelees-pour-homme-261-m-multicolor","status":"publish","type":"product","link":"https:\/\/streetmarkets.fr\/app\/produit\/chaussettes-mi-mollet-cotelees-pour-homme-261-m-multicolor\/","title":{"rendered":"Chaussettes Mi-Mollet C\u00f4tel\u00e9es pour Homme (261 \/ M \/ MULTICOLOR)"},"content":{"rendered":"<p>Les chaussettes mi-mollet c\u00f4tel\u00e9es Adidas sont dot\u00e9es d&#8217;un bord-c\u00f4te souple et d&#8217;une structure \u00e0 larges c\u00f4tes pour offrir un toucher \u00e9pais et douillet, dans un m\u00e9lange de coton et de lin.<\/p>\n<ul>\n<li>Deux paires de chaussettes par lot<\/li>\n<li>Hauteur mi-mollet<\/li>\n<li>Style\u00a0: KD0972<\/li>\n<li>Couleur\u00a0: Blanc cass\u00e9\/Aurora Coffee<\/li>\n<\/ul>\n","protected":false},"excerpt":{"rendered":"<p>Les chaussettes mi-mollet c\u00f4tel\u00e9es Adidas sont dot\u00e9es d&#8217;un bord-c\u00f4te souple et d&#8217;une structure \u00e0 larges c\u00f4tes pour offrir un toucher \u00e9pais et douillet, dans un m\u00e9lange de coton et de lin. Deux paires de chaussettes par lot Hauteur mi-mollet Style\u00a0: KD0972 Couleur\u00a0: Blanc cass\u00e9\/Aurora Coffee<\/p>\n","protected":false},"featured_media":4116092,"comment_status":"open","ping_status":"closed","template":"","meta":[],"product_brand":[2530],"product_cat":[],"product_tag":[],"acf":[],"_links":{"self":[{"href":"https:\/\/streetmarkets.fr\/app\/wp-json\/wp\/v2\/product\/4049752"}],"collection":[{"href":"https:\/\/streetmarkets.fr\/app\/wp-json\/wp\/v2\/product"}],"about":[{"href":"https:\/\/streetmarkets.fr\/app\/wp-json\/wp\/v2\/types\/product"}],"replies":[{"embeddable":true,"href":"https:\/\/streetmarkets.fr\/app\/wp-json\/wp\/v2\/comments?post=4049752"}],"wp:featuredmedia":[{"embeddable":true,"href":"https:\/\/streetmarkets.fr\/app\/wp-json\/wp\/v2\/media\/4116092"}],"wp:attachment":[{"href":"https:\/\/streetmarkets.fr\/app\/wp-json\/wp\/v2\/media?parent=4049752"}],"wp:term":[{"taxonomy":"product_brand","embeddable":true,"href":"https:\/\/streetmarkets.fr\/app\/wp-json\/wp\/v2\/product_brand?post=4049752"},{"taxonomy":"product_cat","embeddable":true,"href":"https:\/\/streetmarkets.fr\/app\/wp-json\/wp\/v2\/product_cat?post=4049752"},{"taxonomy":"product_tag","embeddable":true,"href":"https:\/\/streetmarkets.fr\/app\/wp-json\/wp\/v2\/product_tag?post=4049752"}],"curies":[{"name":"wp","href":"https:\/\/api.w.org\/{rel}","templated":true}]}}