{"id":4049740,"date":"2026-04-30T02:30:07","date_gmt":"2026-04-30T00:30:07","guid":{"rendered":"https:\/\/streetmarkets.fr\/app\/produit\/chemise-a-manches-courtes-jay-261-w-stripe-b\/"},"modified":"2026-05-07T02:32:51","modified_gmt":"2026-05-07T00:32:51","slug":"chemise-a-manches-courtes-jay-261-w-stripe-b","status":"publish","type":"product","link":"https:\/\/streetmarkets.fr\/app\/produit\/chemise-a-manches-courtes-jay-261-w-stripe-b\/","title":{"rendered":"Chemise \u00e0 manches courtes Jay (261 \/ W \/ STRIPE B)"},"content":{"rendered":"<p>Chemise d\u00e9contract\u00e9e \u00e0 manches courtes, avec des rayures blanches et gris-bleu, et deux poches poitrine \u00e0 rayures horizontales.<\/p>\n<ul>\n<li>Coupe d\u00e9contract\u00e9e<\/li>\n<li>Manches courtes \u00e0 larges ouvertures<\/li>\n<li>Fermeture boutonn\u00e9e sur le devant<\/li>\n<li>Deux poches poitrine \u00e0 rayures horizontales<\/li>\n<li>Empi\u00e8cement au dos avec pli<\/li>\n<li>Rayures verticales blanches et gris-bleu<\/li>\n<\/ul>\n","protected":false},"excerpt":{"rendered":"<p>Chemise d\u00e9contract\u00e9e \u00e0 manches courtes, avec des rayures blanches et gris-bleu, et deux poches poitrine \u00e0 rayures horizontales. Coupe d\u00e9contract\u00e9e Manches courtes \u00e0 larges ouvertures Fermeture boutonn\u00e9e sur le devant Deux poches poitrine \u00e0 rayures horizontales Empi\u00e8cement au dos avec pli Rayures verticales blanches et gris-bleu<\/p>\n","protected":false},"featured_media":4093890,"comment_status":"open","ping_status":"closed","template":"","meta":[],"product_brand":[2529],"product_cat":[],"product_tag":[],"acf":[],"_links":{"self":[{"href":"https:\/\/streetmarkets.fr\/app\/wp-json\/wp\/v2\/product\/4049740"}],"collection":[{"href":"https:\/\/streetmarkets.fr\/app\/wp-json\/wp\/v2\/product"}],"about":[{"href":"https:\/\/streetmarkets.fr\/app\/wp-json\/wp\/v2\/types\/product"}],"replies":[{"embeddable":true,"href":"https:\/\/streetmarkets.fr\/app\/wp-json\/wp\/v2\/comments?post=4049740"}],"wp:featuredmedia":[{"embeddable":true,"href":"https:\/\/streetmarkets.fr\/app\/wp-json\/wp\/v2\/media\/4093890"}],"wp:attachment":[{"href":"https:\/\/streetmarkets.fr\/app\/wp-json\/wp\/v2\/media?parent=4049740"}],"wp:term":[{"taxonomy":"product_brand","embeddable":true,"href":"https:\/\/streetmarkets.fr\/app\/wp-json\/wp\/v2\/product_brand?post=4049740"},{"taxonomy":"product_cat","embeddable":true,"href":"https:\/\/streetmarkets.fr\/app\/wp-json\/wp\/v2\/product_cat?post=4049740"},{"taxonomy":"product_tag","embeddable":true,"href":"https:\/\/streetmarkets.fr\/app\/wp-json\/wp\/v2\/product_tag?post=4049740"}],"curies":[{"name":"wp","href":"https:\/\/api.w.org\/{rel}","templated":true}]}}