{"id":4049716,"date":"2026-04-30T02:30:04","date_gmt":"2026-04-30T00:30:04","guid":{"rendered":"https:\/\/streetmarkets.fr\/app\/produit\/blouse-decontractee-gian-261-w-stripe-f\/"},"modified":"2026-05-17T02:32:27","modified_gmt":"2026-05-17T00:32:27","slug":"blouse-decontractee-gian-261-w-stripe-f","status":"publish","type":"product","link":"https:\/\/streetmarkets.fr\/app\/produit\/blouse-decontractee-gian-261-w-stripe-f\/","title":{"rendered":"Blouse d\u00e9contract\u00e9e Gian (261 \/ W \/ STRIPE F)"},"content":{"rendered":"<p>Blouse d\u00e9contract\u00e9e \u00e0 manches courtes en coton l\u00e9ger \u00e0 rayures bleu clair et blanc, avec une coupe carr\u00e9e, un ourlet ajustable par cordon et des bordures contrastantes.<\/p>\n<ul>\n<li>Coupe d\u00e9contract\u00e9e<\/li>\n<li>Longueur normale<\/li>\n<li>Encolure arrondie<\/li>\n<li>Manches courtes<\/li>\n<li>Ourlet ajustable par un cordon<\/li>\n<li>Rayures bleu clair et blanches<\/li>\n<\/ul>\n","protected":false},"excerpt":{"rendered":"<p>Blouse d\u00e9contract\u00e9e \u00e0 manches courtes en coton l\u00e9ger \u00e0 rayures bleu clair et blanc, avec une coupe carr\u00e9e, un ourlet ajustable par cordon et des bordures contrastantes. Coupe d\u00e9contract\u00e9e Longueur normale Encolure arrondie Manches courtes Ourlet ajustable par un cordon Rayures bleu clair et blanches<\/p>\n","protected":false},"featured_media":4148529,"comment_status":"open","ping_status":"closed","template":"","meta":[],"product_brand":[2529],"product_cat":[],"product_tag":[],"acf":[],"_links":{"self":[{"href":"https:\/\/streetmarkets.fr\/app\/wp-json\/wp\/v2\/product\/4049716"}],"collection":[{"href":"https:\/\/streetmarkets.fr\/app\/wp-json\/wp\/v2\/product"}],"about":[{"href":"https:\/\/streetmarkets.fr\/app\/wp-json\/wp\/v2\/types\/product"}],"replies":[{"embeddable":true,"href":"https:\/\/streetmarkets.fr\/app\/wp-json\/wp\/v2\/comments?post=4049716"}],"wp:featuredmedia":[{"embeddable":true,"href":"https:\/\/streetmarkets.fr\/app\/wp-json\/wp\/v2\/media\/4148529"}],"wp:attachment":[{"href":"https:\/\/streetmarkets.fr\/app\/wp-json\/wp\/v2\/media?parent=4049716"}],"wp:term":[{"taxonomy":"product_brand","embeddable":true,"href":"https:\/\/streetmarkets.fr\/app\/wp-json\/wp\/v2\/product_brand?post=4049716"},{"taxonomy":"product_cat","embeddable":true,"href":"https:\/\/streetmarkets.fr\/app\/wp-json\/wp\/v2\/product_cat?post=4049716"},{"taxonomy":"product_tag","embeddable":true,"href":"https:\/\/streetmarkets.fr\/app\/wp-json\/wp\/v2\/product_tag?post=4049716"}],"curies":[{"name":"wp","href":"https:\/\/api.w.org\/{rel}","templated":true}]}}