{"id":4049669,"date":"2026-04-30T02:29:51","date_gmt":"2026-04-30T00:29:51","guid":{"rendered":"https:\/\/streetmarkets.fr\/app\/produit\/sac-a-main-hommie-261-w-vetiver\/"},"modified":"2026-05-08T02:41:37","modified_gmt":"2026-05-08T00:41:37","slug":"sac-a-main-hommie-261-w-vetiver","status":"publish","type":"product","link":"https:\/\/streetmarkets.fr\/app\/produit\/sac-a-main-hommie-261-w-vetiver\/","title":{"rendered":"Sac \u00e0 main Hommie (261 \/ W \/ VETIVER)"},"content":{"rendered":"<p>Sac fourre-tout r\u00e9versible en toile de coton kaki avec doublure matelass\u00e9e moutarde fonc\u00e9 contrastant, deux paires de poign\u00e9es et une poche int\u00e9rieure.<\/p>\n<ul>\n<li>Sac fourre-tout r\u00e9versible<\/li>\n<li>Deux paires de sangles : une courte pour le porter \u00e0 la main, une longue pour le porter \u00e0 l&#8217;\u00e9paule<\/li>\n<li>Doublure ripstop avec poche zipp\u00e9e<\/li>\n<li>Logo imprim\u00e9 ton sur ton<\/li>\n<li>Dimensions : 40 x 60 x 44 cm<\/li>\n<li>Longueur des sangles courtes : 35 cm<\/li>\n<li>Longueur des sangles longues : 65 cm<\/li>\n<\/ul>\n","protected":false},"excerpt":{"rendered":"<p>Sac fourre-tout r\u00e9versible en toile de coton kaki avec doublure matelass\u00e9e moutarde fonc\u00e9 contrastant, deux paires de poign\u00e9es et une poche int\u00e9rieure. Sac fourre-tout r\u00e9versible Deux paires de sangles : une courte pour le porter \u00e0 la main, une longue pour le porter \u00e0 l&#8217;\u00e9paule Doublure ripstop avec poche zipp\u00e9e Logo imprim\u00e9 ton sur ton [&hellip;]<\/p>\n","protected":false},"featured_media":4099695,"comment_status":"open","ping_status":"closed","template":"","meta":[],"product_brand":[2529],"product_cat":[],"product_tag":[],"acf":[],"_links":{"self":[{"href":"https:\/\/streetmarkets.fr\/app\/wp-json\/wp\/v2\/product\/4049669"}],"collection":[{"href":"https:\/\/streetmarkets.fr\/app\/wp-json\/wp\/v2\/product"}],"about":[{"href":"https:\/\/streetmarkets.fr\/app\/wp-json\/wp\/v2\/types\/product"}],"replies":[{"embeddable":true,"href":"https:\/\/streetmarkets.fr\/app\/wp-json\/wp\/v2\/comments?post=4049669"}],"wp:featuredmedia":[{"embeddable":true,"href":"https:\/\/streetmarkets.fr\/app\/wp-json\/wp\/v2\/media\/4099695"}],"wp:attachment":[{"href":"https:\/\/streetmarkets.fr\/app\/wp-json\/wp\/v2\/media?parent=4049669"}],"wp:term":[{"taxonomy":"product_brand","embeddable":true,"href":"https:\/\/streetmarkets.fr\/app\/wp-json\/wp\/v2\/product_brand?post=4049669"},{"taxonomy":"product_cat","embeddable":true,"href":"https:\/\/streetmarkets.fr\/app\/wp-json\/wp\/v2\/product_cat?post=4049669"},{"taxonomy":"product_tag","embeddable":true,"href":"https:\/\/streetmarkets.fr\/app\/wp-json\/wp\/v2\/product_tag?post=4049669"}],"curies":[{"name":"wp","href":"https:\/\/api.w.org\/{rel}","templated":true}]}}