{"id":4049658,"date":"2026-04-30T02:29:50","date_gmt":"2026-04-30T00:29:50","guid":{"rendered":"https:\/\/streetmarkets.fr\/app\/produit\/cardigan-zippe-gerta-261-w-vetiver\/"},"modified":"2026-05-08T02:41:37","modified_gmt":"2026-05-08T00:41:37","slug":"cardigan-zippe-gerta-261-w-vetiver","status":"publish","type":"product","link":"https:\/\/streetmarkets.fr\/app\/produit\/cardigan-zippe-gerta-261-w-vetiver\/","title":{"rendered":"Cardigan zipp\u00e9 Gerta (261 \/ W \/ VETIVER)"},"content":{"rendered":"<p>Pull oversized en maille kaki avec fermeture zipp\u00e9e sur le devant, col montant c\u00f4tel\u00e9 et rayures contrastantes bleu marine et blanc cass\u00e9 sur les manches, ourlet et poignets \u00e9lastiqu\u00e9s.<\/p>\n<ul>\n<li><b>Choisissez votre taille habituelle pour le look souhait\u00e9 ou une taille en dessous pour un style plus ajust\u00e9.<\/b><\/li>\n<li>Coupe oversized : coupe volontairement large pour un look volumineux. <\/li>\n<li>Col montant c\u00f4tel\u00e9<\/li>\n<li>Fermeture zipp\u00e9e sur le devant<\/li>\n<li>Manches longues<\/li>\n<li>Ourlet et poignets \u00e9lastiqu\u00e9s<\/li>\n<li>Rayures contrastantes bleu marine et blanc cass\u00e9 sur les manches<\/li>\n<li>Maille fine<\/li>\n<\/ul>\n","protected":false},"excerpt":{"rendered":"<p>Pull oversized en maille kaki avec fermeture zipp\u00e9e sur le devant, col montant c\u00f4tel\u00e9 et rayures contrastantes bleu marine et blanc cass\u00e9 sur les manches, ourlet et poignets \u00e9lastiqu\u00e9s. Choisissez votre taille habituelle pour le look souhait\u00e9 ou une taille en dessous pour un style plus ajust\u00e9. Coupe oversized : coupe volontairement large pour un [&hellip;]<\/p>\n","protected":false},"featured_media":4099688,"comment_status":"open","ping_status":"closed","template":"","meta":[],"product_brand":[2529],"product_cat":[],"product_tag":[],"acf":[],"_links":{"self":[{"href":"https:\/\/streetmarkets.fr\/app\/wp-json\/wp\/v2\/product\/4049658"}],"collection":[{"href":"https:\/\/streetmarkets.fr\/app\/wp-json\/wp\/v2\/product"}],"about":[{"href":"https:\/\/streetmarkets.fr\/app\/wp-json\/wp\/v2\/types\/product"}],"replies":[{"embeddable":true,"href":"https:\/\/streetmarkets.fr\/app\/wp-json\/wp\/v2\/comments?post=4049658"}],"wp:featuredmedia":[{"embeddable":true,"href":"https:\/\/streetmarkets.fr\/app\/wp-json\/wp\/v2\/media\/4099688"}],"wp:attachment":[{"href":"https:\/\/streetmarkets.fr\/app\/wp-json\/wp\/v2\/media?parent=4049658"}],"wp:term":[{"taxonomy":"product_brand","embeddable":true,"href":"https:\/\/streetmarkets.fr\/app\/wp-json\/wp\/v2\/product_brand?post=4049658"},{"taxonomy":"product_cat","embeddable":true,"href":"https:\/\/streetmarkets.fr\/app\/wp-json\/wp\/v2\/product_cat?post=4049658"},{"taxonomy":"product_tag","embeddable":true,"href":"https:\/\/streetmarkets.fr\/app\/wp-json\/wp\/v2\/product_tag?post=4049658"}],"curies":[{"name":"wp","href":"https:\/\/api.w.org\/{rel}","templated":true}]}}