{"id":4049648,"date":"2026-04-30T02:29:50","date_gmt":"2026-04-30T00:29:50","guid":{"rendered":"https:\/\/streetmarkets.fr\/app\/produit\/chemise-en-popeline-rayee-giorgia-261-w-stripe-a\/"},"modified":"2026-05-09T02:41:37","modified_gmt":"2026-05-09T00:41:37","slug":"chemise-en-popeline-rayee-giorgia-261-w-stripe-a","status":"publish","type":"product","link":"https:\/\/streetmarkets.fr\/app\/produit\/chemise-en-popeline-rayee-giorgia-261-w-stripe-a\/","title":{"rendered":"Chemise en popeline ray\u00e9e Giorgia (261 \/ W \/ STRIPE A)"},"content":{"rendered":"<p>Chemise oversized avec des \u00e9paules tombantes et une poche poitrine en popeline de coton blanche \u00e0 rayures verticales bleu clair et rose.<\/p>\n<ul>\n<li>Coupe oversized : choisissez votre taille habituelle pour le look souhait\u00e9 ou une taille en dessous pour un style plus ajust\u00e9.<\/li>\n<li>Manches longues avec poignets de chemise boutonn\u00e9s<\/li>\n<li>Fermeture boutonn\u00e9e sur le devant<\/li>\n<li>\u00c9paules tombantes<\/li>\n<li>Poche poitrine plaqu\u00e9e<\/li>\n<li>Ourlets incurv\u00e9s<\/li>\n<\/ul>\n","protected":false},"excerpt":{"rendered":"<p>Chemise oversized avec des \u00e9paules tombantes et une poche poitrine en popeline de coton blanche \u00e0 rayures verticales bleu clair et rose. Coupe oversized : choisissez votre taille habituelle pour le look souhait\u00e9 ou une taille en dessous pour un style plus ajust\u00e9. Manches longues avec poignets de chemise boutonn\u00e9s Fermeture boutonn\u00e9e sur le devant [&hellip;]<\/p>\n","protected":false},"featured_media":4105222,"comment_status":"open","ping_status":"closed","template":"","meta":[],"product_brand":[2529],"product_cat":[],"product_tag":[],"acf":[],"_links":{"self":[{"href":"https:\/\/streetmarkets.fr\/app\/wp-json\/wp\/v2\/product\/4049648"}],"collection":[{"href":"https:\/\/streetmarkets.fr\/app\/wp-json\/wp\/v2\/product"}],"about":[{"href":"https:\/\/streetmarkets.fr\/app\/wp-json\/wp\/v2\/types\/product"}],"replies":[{"embeddable":true,"href":"https:\/\/streetmarkets.fr\/app\/wp-json\/wp\/v2\/comments?post=4049648"}],"wp:featuredmedia":[{"embeddable":true,"href":"https:\/\/streetmarkets.fr\/app\/wp-json\/wp\/v2\/media\/4105222"}],"wp:attachment":[{"href":"https:\/\/streetmarkets.fr\/app\/wp-json\/wp\/v2\/media?parent=4049648"}],"wp:term":[{"taxonomy":"product_brand","embeddable":true,"href":"https:\/\/streetmarkets.fr\/app\/wp-json\/wp\/v2\/product_brand?post=4049648"},{"taxonomy":"product_cat","embeddable":true,"href":"https:\/\/streetmarkets.fr\/app\/wp-json\/wp\/v2\/product_cat?post=4049648"},{"taxonomy":"product_tag","embeddable":true,"href":"https:\/\/streetmarkets.fr\/app\/wp-json\/wp\/v2\/product_tag?post=4049648"}],"curies":[{"name":"wp","href":"https:\/\/api.w.org\/{rel}","templated":true}]}}