{"id":4049548,"date":"2026-04-30T02:29:41","date_gmt":"2026-04-30T00:29:41","guid":{"rendered":"https:\/\/streetmarkets.fr\/app\/produit\/blouse-croisee-collin-261-w-white\/"},"modified":"2026-05-08T02:41:36","modified_gmt":"2026-05-08T00:41:36","slug":"blouse-croisee-collin-261-w-white","status":"publish","type":"product","link":"https:\/\/streetmarkets.fr\/app\/produit\/blouse-croisee-collin-261-w-white\/","title":{"rendered":"Blouse crois\u00e9e Collin (261 \/ W \/ WHITE)"},"content":{"rendered":"<p>Blouse droite en popeline de coton blanc, \u00e0 manches longues, avec un devant portefeuille nou\u00e9 sur le c\u00f4t\u00e9 par des cordons blancs.<\/p>\n<ul>\n<li>Coupe standard<\/li>\n<li>Manches longues avec poignets \u00e9lastiqu\u00e9s<\/li>\n<li>Col V crois\u00e9e sur le devant<\/li>\n<li>Fermeture en portefeuille \u00e0 nouer sur les c\u00f4t\u00e9s (\u00e0 l&#8217;int\u00e9rieur et \u00e0 l&#8217;ext\u00e9rieur)<\/li>\n<li>Dos droit<\/li>\n<\/ul>\n","protected":false},"excerpt":{"rendered":"<p>Blouse droite en popeline de coton blanc, \u00e0 manches longues, avec un devant portefeuille nou\u00e9 sur le c\u00f4t\u00e9 par des cordons blancs. Coupe standard Manches longues avec poignets \u00e9lastiqu\u00e9s Col V crois\u00e9e sur le devant Fermeture en portefeuille \u00e0 nouer sur les c\u00f4t\u00e9s (\u00e0 l&#8217;int\u00e9rieur et \u00e0 l&#8217;ext\u00e9rieur) Dos droit<\/p>\n","protected":false},"featured_media":4099610,"comment_status":"open","ping_status":"closed","template":"","meta":[],"product_brand":[2529],"product_cat":[],"product_tag":[],"acf":[],"_links":{"self":[{"href":"https:\/\/streetmarkets.fr\/app\/wp-json\/wp\/v2\/product\/4049548"}],"collection":[{"href":"https:\/\/streetmarkets.fr\/app\/wp-json\/wp\/v2\/product"}],"about":[{"href":"https:\/\/streetmarkets.fr\/app\/wp-json\/wp\/v2\/types\/product"}],"replies":[{"embeddable":true,"href":"https:\/\/streetmarkets.fr\/app\/wp-json\/wp\/v2\/comments?post=4049548"}],"wp:featuredmedia":[{"embeddable":true,"href":"https:\/\/streetmarkets.fr\/app\/wp-json\/wp\/v2\/media\/4099610"}],"wp:attachment":[{"href":"https:\/\/streetmarkets.fr\/app\/wp-json\/wp\/v2\/media?parent=4049548"}],"wp:term":[{"taxonomy":"product_brand","embeddable":true,"href":"https:\/\/streetmarkets.fr\/app\/wp-json\/wp\/v2\/product_brand?post=4049548"},{"taxonomy":"product_cat","embeddable":true,"href":"https:\/\/streetmarkets.fr\/app\/wp-json\/wp\/v2\/product_cat?post=4049548"},{"taxonomy":"product_tag","embeddable":true,"href":"https:\/\/streetmarkets.fr\/app\/wp-json\/wp\/v2\/product_tag?post=4049548"}],"curies":[{"name":"wp","href":"https:\/\/api.w.org\/{rel}","templated":true}]}}