{"id":4049502,"date":"2026-04-30T02:29:36","date_gmt":"2026-04-30T00:29:36","guid":{"rendered":"https:\/\/streetmarkets.fr\/app\/produit\/blazer-decontracte-jazzy-261-w-natural\/"},"modified":"2026-05-13T02:32:01","modified_gmt":"2026-05-13T00:32:01","slug":"blazer-decontracte-jazzy-261-w-natural","status":"publish","type":"product","link":"https:\/\/streetmarkets.fr\/app\/produit\/blazer-decontracte-jazzy-261-w-natural\/","title":{"rendered":"Blazer d\u00e9contract\u00e9 Jazzy (261 \/ W \/ NATURAL)"},"content":{"rendered":"<p>Blazer d\u00e9contract\u00e9 couleur cr\u00e8me en coton doux, coupe carr\u00e9e, larges revers, fermeture crois\u00e9e et grandes poches plaqu\u00e9es.<\/p>\n<ul>\n<li>Coupe d\u00e9contract\u00e9e et carr\u00e9e<\/li>\n<li>Fermeture crois\u00e9e<\/li>\n<li>Grandes poches plaqu\u00e9es<\/li>\n<li>Larges revers<\/li>\n<li>100% coton<\/li>\n<li>Ensemble assorti avec le pantalon d\u00e9contract\u00e9 Juna<\/li>\n<\/ul>\n","protected":false},"excerpt":{"rendered":"<p>Blazer d\u00e9contract\u00e9 couleur cr\u00e8me en coton doux, coupe carr\u00e9e, larges revers, fermeture crois\u00e9e et grandes poches plaqu\u00e9es. Coupe d\u00e9contract\u00e9e et carr\u00e9e Fermeture crois\u00e9e Grandes poches plaqu\u00e9es Larges revers 100% coton Ensemble assorti avec le pantalon d\u00e9contract\u00e9 Juna<\/p>\n","protected":false},"featured_media":4127398,"comment_status":"open","ping_status":"closed","template":"","meta":[],"product_brand":[2529],"product_cat":[],"product_tag":[],"acf":[],"_links":{"self":[{"href":"https:\/\/streetmarkets.fr\/app\/wp-json\/wp\/v2\/product\/4049502"}],"collection":[{"href":"https:\/\/streetmarkets.fr\/app\/wp-json\/wp\/v2\/product"}],"about":[{"href":"https:\/\/streetmarkets.fr\/app\/wp-json\/wp\/v2\/types\/product"}],"replies":[{"embeddable":true,"href":"https:\/\/streetmarkets.fr\/app\/wp-json\/wp\/v2\/comments?post=4049502"}],"wp:featuredmedia":[{"embeddable":true,"href":"https:\/\/streetmarkets.fr\/app\/wp-json\/wp\/v2\/media\/4127398"}],"wp:attachment":[{"href":"https:\/\/streetmarkets.fr\/app\/wp-json\/wp\/v2\/media?parent=4049502"}],"wp:term":[{"taxonomy":"product_brand","embeddable":true,"href":"https:\/\/streetmarkets.fr\/app\/wp-json\/wp\/v2\/product_brand?post=4049502"},{"taxonomy":"product_cat","embeddable":true,"href":"https:\/\/streetmarkets.fr\/app\/wp-json\/wp\/v2\/product_cat?post=4049502"},{"taxonomy":"product_tag","embeddable":true,"href":"https:\/\/streetmarkets.fr\/app\/wp-json\/wp\/v2\/product_tag?post=4049502"}],"curies":[{"name":"wp","href":"https:\/\/api.w.org\/{rel}","templated":true}]}}