{"id":4049466,"date":"2026-04-30T02:29:34","date_gmt":"2026-04-30T00:29:34","guid":{"rendered":"https:\/\/streetmarkets.fr\/app\/produit\/pantalon-large-phantom-261-w-worker\/"},"modified":"2026-05-09T02:41:37","modified_gmt":"2026-05-09T00:41:37","slug":"pantalon-large-phantom-261-w-worker","status":"publish","type":"product","link":"https:\/\/streetmarkets.fr\/app\/produit\/pantalon-large-phantom-261-w-worker\/","title":{"rendered":"Pantalon large Phantom (261 \/ W \/ WORKER)"},"content":{"rendered":"<p>Pantalon ample \u00e0 jambes larges, en coton bleu l\u00e9g\u00e8rement d\u00e9lav\u00e9, avec surpiq\u00fbres d\u2019inspiration utilitaire et d\u00e9tails \u00e0 cordons.<\/p>\n<ul>\n<li>Coupe ample<\/li>\n<li>Taille mi-haute, jambes larges<\/li>\n<li>Poches en biais \u00e0 l&#8217;avant<\/li>\n<li>Poches plaqu\u00e9es \u00e0 l&#8217;arri\u00e8re<\/li>\n<li>Passants de ceinture<\/li>\n<li>Fermeture \u00e0 boutons et zip avec cordon de serrage<\/li>\n<li>Coutures inspir\u00e9es des v\u00eatements utilitaires<\/li>\n<li>D\u00e9lavage l\u00e9ger<\/li>\n<\/ul>\n","protected":false},"excerpt":{"rendered":"<p>Pantalon ample \u00e0 jambes larges, en coton bleu l\u00e9g\u00e8rement d\u00e9lav\u00e9, avec surpiq\u00fbres d\u2019inspiration utilitaire et d\u00e9tails \u00e0 cordons. Coupe ample Taille mi-haute, jambes larges Poches en biais \u00e0 l&#8217;avant Poches plaqu\u00e9es \u00e0 l&#8217;arri\u00e8re Passants de ceinture Fermeture \u00e0 boutons et zip avec cordon de serrage Coutures inspir\u00e9es des v\u00eatements utilitaires D\u00e9lavage l\u00e9ger<\/p>\n","protected":false},"featured_media":4105111,"comment_status":"open","ping_status":"closed","template":"","meta":[],"product_brand":[2529],"product_cat":[],"product_tag":[],"acf":[],"_links":{"self":[{"href":"https:\/\/streetmarkets.fr\/app\/wp-json\/wp\/v2\/product\/4049466"}],"collection":[{"href":"https:\/\/streetmarkets.fr\/app\/wp-json\/wp\/v2\/product"}],"about":[{"href":"https:\/\/streetmarkets.fr\/app\/wp-json\/wp\/v2\/types\/product"}],"replies":[{"embeddable":true,"href":"https:\/\/streetmarkets.fr\/app\/wp-json\/wp\/v2\/comments?post=4049466"}],"wp:featuredmedia":[{"embeddable":true,"href":"https:\/\/streetmarkets.fr\/app\/wp-json\/wp\/v2\/media\/4105111"}],"wp:attachment":[{"href":"https:\/\/streetmarkets.fr\/app\/wp-json\/wp\/v2\/media?parent=4049466"}],"wp:term":[{"taxonomy":"product_brand","embeddable":true,"href":"https:\/\/streetmarkets.fr\/app\/wp-json\/wp\/v2\/product_brand?post=4049466"},{"taxonomy":"product_cat","embeddable":true,"href":"https:\/\/streetmarkets.fr\/app\/wp-json\/wp\/v2\/product_cat?post=4049466"},{"taxonomy":"product_tag","embeddable":true,"href":"https:\/\/streetmarkets.fr\/app\/wp-json\/wp\/v2\/product_tag?post=4049466"}],"curies":[{"name":"wp","href":"https:\/\/api.w.org\/{rel}","templated":true}]}}