{"id":4049450,"date":"2026-04-30T02:29:32","date_gmt":"2026-04-30T00:29:32","guid":{"rendered":"https:\/\/streetmarkets.fr\/app\/produit\/jean-baggy-kali-261-w-dusty-bleach\/"},"modified":"2026-05-08T02:41:36","modified_gmt":"2026-05-08T00:41:36","slug":"jean-baggy-kali-261-w-dusty-bleach","status":"publish","type":"product","link":"https:\/\/streetmarkets.fr\/app\/produit\/jean-baggy-kali-261-w-dusty-bleach\/","title":{"rendered":"Jean baggy Kali (261 \/ W \/ DUSTY BLEACH)"},"content":{"rendered":"<p>Jean d\u00e9contract\u00e9, coupe culotte \u00e0 jambes larges, avec effets d\u2019abrasion pour plus de texture, en denim de coton bleu clair avec un d\u00e9lavage subtil.<\/p>\n<ul>\n<li>Coupe d\u00e9contract\u00e9e, style culotte<\/li>\n<li>Taille basse, jambes larges<\/li>\n<li>Denim \u00e9pais, sans \u00e9lasticit\u00e9<\/li>\n<li>Finition d\u00e9lav\u00e9e subtile<\/li>\n<li>Fermeture zipp\u00e9e<\/li>\n<li>Entrejambe : 18&#8243; (bas\u00e9 sur une taille 36)<\/li>\n<li>La longueur d\u2019entrejambe s\u2019ajuste l\u00e9g\u00e8rement en fonction de la taille s\u00e9lectionn\u00e9e pour garantir une coupe proportionn\u00e9e.<\/li>\n<\/ul>\n","protected":false},"excerpt":{"rendered":"<p>Jean d\u00e9contract\u00e9, coupe culotte \u00e0 jambes larges, avec effets d\u2019abrasion pour plus de texture, en denim de coton bleu clair avec un d\u00e9lavage subtil. Coupe d\u00e9contract\u00e9e, style culotte Taille basse, jambes larges Denim \u00e9pais, sans \u00e9lasticit\u00e9 Finition d\u00e9lav\u00e9e subtile Fermeture zipp\u00e9e Entrejambe : 18&#8243; (bas\u00e9 sur une taille 36) La longueur d\u2019entrejambe s\u2019ajuste l\u00e9g\u00e8rement en [&hellip;]<\/p>\n","protected":false},"featured_media":4099556,"comment_status":"open","ping_status":"closed","template":"","meta":[],"product_brand":[2529],"product_cat":[],"product_tag":[],"acf":[],"_links":{"self":[{"href":"https:\/\/streetmarkets.fr\/app\/wp-json\/wp\/v2\/product\/4049450"}],"collection":[{"href":"https:\/\/streetmarkets.fr\/app\/wp-json\/wp\/v2\/product"}],"about":[{"href":"https:\/\/streetmarkets.fr\/app\/wp-json\/wp\/v2\/types\/product"}],"replies":[{"embeddable":true,"href":"https:\/\/streetmarkets.fr\/app\/wp-json\/wp\/v2\/comments?post=4049450"}],"wp:featuredmedia":[{"embeddable":true,"href":"https:\/\/streetmarkets.fr\/app\/wp-json\/wp\/v2\/media\/4099556"}],"wp:attachment":[{"href":"https:\/\/streetmarkets.fr\/app\/wp-json\/wp\/v2\/media?parent=4049450"}],"wp:term":[{"taxonomy":"product_brand","embeddable":true,"href":"https:\/\/streetmarkets.fr\/app\/wp-json\/wp\/v2\/product_brand?post=4049450"},{"taxonomy":"product_cat","embeddable":true,"href":"https:\/\/streetmarkets.fr\/app\/wp-json\/wp\/v2\/product_cat?post=4049450"},{"taxonomy":"product_tag","embeddable":true,"href":"https:\/\/streetmarkets.fr\/app\/wp-json\/wp\/v2\/product_tag?post=4049450"}],"curies":[{"name":"wp","href":"https:\/\/api.w.org\/{rel}","templated":true}]}}