{"id":4049401,"date":"2026-04-30T02:29:28","date_gmt":"2026-04-30T00:29:28","guid":{"rendered":"https:\/\/streetmarkets.fr\/app\/produit\/jean-slim-denim-n-23-261-w-used-light-grey\/"},"modified":"2026-05-12T02:31:30","modified_gmt":"2026-05-12T00:31:30","slug":"jean-slim-denim-n-23-261-w-used-light-grey","status":"publish","type":"product","link":"https:\/\/streetmarkets.fr\/app\/produit\/jean-slim-denim-n-23-261-w-used-light-grey\/","title":{"rendered":"Jean slim &#8211; Denim N. 23 (261 \/ W \/ USED LIGHT GREY)"},"content":{"rendered":"<p>Jean slim taille haute avec des jambes droites, des poches avant et arri\u00e8re plaqu\u00e9es, en denim gris d\u00e9lav\u00e9.<\/p>\n<ul>\n<li><b>Taille normalement<\/b><\/li>\n<li>Coupe slim : l\u00e9g\u00e8rement fusel\u00e9e et pr\u00e8s du corps au niveau des hanches, sans \u00eatre serr\u00e9e.<\/li>\n<li>Taille haute, jambes droites<\/li>\n<li>Poids moyen, l\u00e9g\u00e8rement extensible<\/li>\n<li>Poches plaqu\u00e9es \u00e0 l&#8217;avant et \u00e0 l&#8217;arri\u00e8re<\/li>\n<li>Pince \u00e0 l&#8217;arri\u00e8re pour un meilleur ajustement<\/li>\n<li>Effet gris d\u00e9lav\u00e9<\/li>\n<li>Braguette zipp\u00e9e<\/li>\n<li>Longueur entrejambe : 30&#8243; (bas\u00e9 sur une taille 26)<\/li>\n<li>La longueur d\u2019entrejambe s\u2019ajuste l\u00e9g\u00e8rement en fonction de la taille s\u00e9lectionn\u00e9e pour garantir une coupe proportionn\u00e9e.<\/li>\n<li>Pr\u00e9c\u00e9demment : Jean Preston<\/li>\n<\/ul>\n","protected":false},"excerpt":{"rendered":"<p>Jean slim taille haute avec des jambes droites, des poches avant et arri\u00e8re plaqu\u00e9es, en denim gris d\u00e9lav\u00e9. Taille normalement Coupe slim : l\u00e9g\u00e8rement fusel\u00e9e et pr\u00e8s du corps au niveau des hanches, sans \u00eatre serr\u00e9e. Taille haute, jambes droites Poids moyen, l\u00e9g\u00e8rement extensible Poches plaqu\u00e9es \u00e0 l&#8217;avant et \u00e0 l&#8217;arri\u00e8re Pince \u00e0 l&#8217;arri\u00e8re pour [&hellip;]<\/p>\n","protected":false},"featured_media":4120993,"comment_status":"open","ping_status":"closed","template":"","meta":[],"product_brand":[2529],"product_cat":[],"product_tag":[],"acf":[],"_links":{"self":[{"href":"https:\/\/streetmarkets.fr\/app\/wp-json\/wp\/v2\/product\/4049401"}],"collection":[{"href":"https:\/\/streetmarkets.fr\/app\/wp-json\/wp\/v2\/product"}],"about":[{"href":"https:\/\/streetmarkets.fr\/app\/wp-json\/wp\/v2\/types\/product"}],"replies":[{"embeddable":true,"href":"https:\/\/streetmarkets.fr\/app\/wp-json\/wp\/v2\/comments?post=4049401"}],"wp:featuredmedia":[{"embeddable":true,"href":"https:\/\/streetmarkets.fr\/app\/wp-json\/wp\/v2\/media\/4120993"}],"wp:attachment":[{"href":"https:\/\/streetmarkets.fr\/app\/wp-json\/wp\/v2\/media?parent=4049401"}],"wp:term":[{"taxonomy":"product_brand","embeddable":true,"href":"https:\/\/streetmarkets.fr\/app\/wp-json\/wp\/v2\/product_brand?post=4049401"},{"taxonomy":"product_cat","embeddable":true,"href":"https:\/\/streetmarkets.fr\/app\/wp-json\/wp\/v2\/product_cat?post=4049401"},{"taxonomy":"product_tag","embeddable":true,"href":"https:\/\/streetmarkets.fr\/app\/wp-json\/wp\/v2\/product_tag?post=4049401"}],"curies":[{"name":"wp","href":"https:\/\/api.w.org\/{rel}","templated":true}]}}