{"id":4049355,"date":"2026-04-30T02:29:15","date_gmt":"2026-04-30T00:29:15","guid":{"rendered":"https:\/\/streetmarkets.fr\/app\/produit\/chaussettes-brillantes-bariol-261-w-memling\/"},"modified":"2026-05-03T02:31:26","modified_gmt":"2026-05-03T00:31:26","slug":"chaussettes-brillantes-bariol-261-w-memling","status":"publish","type":"product","link":"https:\/\/streetmarkets.fr\/app\/produit\/chaussettes-brillantes-bariol-261-w-memling\/","title":{"rendered":"Chaussettes brillantes Bariol (261 \/ W \/ MEMLING)"},"content":{"rendered":"<p>Chaussettes courtes c\u00f4tel\u00e9es vert fonc\u00e9, avec des fils m\u00e9tallis\u00e9s qui apportent une touche brillante.<\/p>\n<ul>\n<li>Longueur mi-mollet<\/li>\n<li>Texture c\u00f4tel\u00e9e<\/li>\n<li>Tricot doux et \u00e9lastique<\/li>\n<li>Vert fonc\u00e9 avec des d\u00e9tails m\u00e9talliques<\/li>\n<\/ul>\n","protected":false},"excerpt":{"rendered":"<p>Chaussettes courtes c\u00f4tel\u00e9es vert fonc\u00e9, avec des fils m\u00e9tallis\u00e9s qui apportent une touche brillante. Longueur mi-mollet Texture c\u00f4tel\u00e9e Tricot doux et \u00e9lastique Vert fonc\u00e9 avec des d\u00e9tails m\u00e9talliques<\/p>\n","protected":false},"featured_media":4069826,"comment_status":"open","ping_status":"closed","template":"","meta":[],"product_brand":[2529],"product_cat":[],"product_tag":[],"acf":[],"_links":{"self":[{"href":"https:\/\/streetmarkets.fr\/app\/wp-json\/wp\/v2\/product\/4049355"}],"collection":[{"href":"https:\/\/streetmarkets.fr\/app\/wp-json\/wp\/v2\/product"}],"about":[{"href":"https:\/\/streetmarkets.fr\/app\/wp-json\/wp\/v2\/types\/product"}],"replies":[{"embeddable":true,"href":"https:\/\/streetmarkets.fr\/app\/wp-json\/wp\/v2\/comments?post=4049355"}],"wp:featuredmedia":[{"embeddable":true,"href":"https:\/\/streetmarkets.fr\/app\/wp-json\/wp\/v2\/media\/4069826"}],"wp:attachment":[{"href":"https:\/\/streetmarkets.fr\/app\/wp-json\/wp\/v2\/media?parent=4049355"}],"wp:term":[{"taxonomy":"product_brand","embeddable":true,"href":"https:\/\/streetmarkets.fr\/app\/wp-json\/wp\/v2\/product_brand?post=4049355"},{"taxonomy":"product_cat","embeddable":true,"href":"https:\/\/streetmarkets.fr\/app\/wp-json\/wp\/v2\/product_cat?post=4049355"},{"taxonomy":"product_tag","embeddable":true,"href":"https:\/\/streetmarkets.fr\/app\/wp-json\/wp\/v2\/product_tag?post=4049355"}],"curies":[{"name":"wp","href":"https:\/\/api.w.org\/{rel}","templated":true}]}}