{"id":4049281,"date":"2026-04-30T02:29:10","date_gmt":"2026-04-30T00:29:10","guid":{"rendered":"https:\/\/streetmarkets.fr\/app\/produit\/chaussettes-courtes-basoli-261-w-mahogany\/"},"modified":"2026-05-14T02:31:39","modified_gmt":"2026-05-14T00:31:39","slug":"chaussettes-courtes-basoli-261-w-mahogany","status":"publish","type":"product","link":"https:\/\/streetmarkets.fr\/app\/produit\/chaussettes-courtes-basoli-261-w-mahogany\/","title":{"rendered":"Chaussettes courtes Basoli (261 \/ W \/ MAHOGANY)"},"content":{"rendered":"<p>Chaussettes courtes c\u00f4tel\u00e9es en rouge et blanc chin\u00e9 avec une d\u00e9licate bordure bordeaux \u00e0 volants au niveau de la cheville.<\/p>\n<ul>\n<li>Longueur cheville<\/li>\n<li>Texture c\u00f4tel\u00e9e<\/li>\n<li>D\u00e9tails de volants bordeaux au niveau de la cheville<\/li>\n<\/ul>\n","protected":false},"excerpt":{"rendered":"<p>Chaussettes courtes c\u00f4tel\u00e9es en rouge et blanc chin\u00e9 avec une d\u00e9licate bordure bordeaux \u00e0 volants au niveau de la cheville. Longueur cheville Texture c\u00f4tel\u00e9e D\u00e9tails de volants bordeaux au niveau de la cheville<\/p>\n","protected":false},"featured_media":4132340,"comment_status":"open","ping_status":"closed","template":"","meta":[],"product_brand":[2529],"product_cat":[],"product_tag":[],"acf":[],"_links":{"self":[{"href":"https:\/\/streetmarkets.fr\/app\/wp-json\/wp\/v2\/product\/4049281"}],"collection":[{"href":"https:\/\/streetmarkets.fr\/app\/wp-json\/wp\/v2\/product"}],"about":[{"href":"https:\/\/streetmarkets.fr\/app\/wp-json\/wp\/v2\/types\/product"}],"replies":[{"embeddable":true,"href":"https:\/\/streetmarkets.fr\/app\/wp-json\/wp\/v2\/comments?post=4049281"}],"wp:featuredmedia":[{"embeddable":true,"href":"https:\/\/streetmarkets.fr\/app\/wp-json\/wp\/v2\/media\/4132340"}],"wp:attachment":[{"href":"https:\/\/streetmarkets.fr\/app\/wp-json\/wp\/v2\/media?parent=4049281"}],"wp:term":[{"taxonomy":"product_brand","embeddable":true,"href":"https:\/\/streetmarkets.fr\/app\/wp-json\/wp\/v2\/product_brand?post=4049281"},{"taxonomy":"product_cat","embeddable":true,"href":"https:\/\/streetmarkets.fr\/app\/wp-json\/wp\/v2\/product_cat?post=4049281"},{"taxonomy":"product_tag","embeddable":true,"href":"https:\/\/streetmarkets.fr\/app\/wp-json\/wp\/v2\/product_tag?post=4049281"}],"curies":[{"name":"wp","href":"https:\/\/api.w.org\/{rel}","templated":true}]}}