{"id":4049262,"date":"2026-04-30T02:29:08","date_gmt":"2026-04-30T00:29:08","guid":{"rendered":"https:\/\/streetmarkets.fr\/app\/produit\/pull-en-angora-datti-261-w-iceberg\/"},"modified":"2026-05-04T02:33:43","modified_gmt":"2026-05-04T00:33:43","slug":"pull-en-angora-datti-261-w-iceberg","status":"publish","type":"product","link":"https:\/\/streetmarkets.fr\/app\/produit\/pull-en-angora-datti-261-w-iceberg\/","title":{"rendered":"Pull en angora Datti (261 \/ W \/ ICEBERG)"},"content":{"rendered":"<p>Pull \u00e0 col rond, manches longues et bords c\u00f4tes, en m\u00e9lange d&#8217;angora turquoise.<\/p>\n<ul>\n<li><b>Choisissez une taille au-dessus pour plus de confort.<\/b><\/li>\n<li>Coupe classique : coupe standard aux proportions \u00e9quilibr\u00e9es.<\/li>\n<li>Manches longues<\/li>\n<li>Col rond<\/li>\n<li>Bords c\u00f4tel\u00e9s<\/li>\n<li>Jauge moyenne, 1 \u00e9paisseur<\/li>\n<\/ul>\n","protected":false},"excerpt":{"rendered":"<p>Pull \u00e0 col rond, manches longues et bords c\u00f4tes, en m\u00e9lange d&#8217;angora turquoise. Choisissez une taille au-dessus pour plus de confort. Coupe classique : coupe standard aux proportions \u00e9quilibr\u00e9es. Manches longues Col rond Bords c\u00f4tel\u00e9s Jauge moyenne, 1 \u00e9paisseur<\/p>\n","protected":false},"featured_media":4076588,"comment_status":"open","ping_status":"closed","template":"","meta":[],"product_brand":[2529],"product_cat":[],"product_tag":[],"acf":[],"_links":{"self":[{"href":"https:\/\/streetmarkets.fr\/app\/wp-json\/wp\/v2\/product\/4049262"}],"collection":[{"href":"https:\/\/streetmarkets.fr\/app\/wp-json\/wp\/v2\/product"}],"about":[{"href":"https:\/\/streetmarkets.fr\/app\/wp-json\/wp\/v2\/types\/product"}],"replies":[{"embeddable":true,"href":"https:\/\/streetmarkets.fr\/app\/wp-json\/wp\/v2\/comments?post=4049262"}],"wp:featuredmedia":[{"embeddable":true,"href":"https:\/\/streetmarkets.fr\/app\/wp-json\/wp\/v2\/media\/4076588"}],"wp:attachment":[{"href":"https:\/\/streetmarkets.fr\/app\/wp-json\/wp\/v2\/media?parent=4049262"}],"wp:term":[{"taxonomy":"product_brand","embeddable":true,"href":"https:\/\/streetmarkets.fr\/app\/wp-json\/wp\/v2\/product_brand?post=4049262"},{"taxonomy":"product_cat","embeddable":true,"href":"https:\/\/streetmarkets.fr\/app\/wp-json\/wp\/v2\/product_cat?post=4049262"},{"taxonomy":"product_tag","embeddable":true,"href":"https:\/\/streetmarkets.fr\/app\/wp-json\/wp\/v2\/product_tag?post=4049262"}],"curies":[{"name":"wp","href":"https:\/\/api.w.org\/{rel}","templated":true}]}}