{"id":4049176,"date":"2026-04-30T02:29:03","date_gmt":"2026-04-30T00:29:03","guid":{"rendered":"https:\/\/streetmarkets.fr\/app\/produit\/sac-a-bandouliere-hob-261-w-bark\/"},"modified":"2026-05-15T02:31:57","modified_gmt":"2026-05-15T00:31:57","slug":"sac-a-bandouliere-hob-261-w-bark","status":"publish","type":"product","link":"https:\/\/streetmarkets.fr\/app\/produit\/sac-a-bandouliere-hob-261-w-bark\/","title":{"rendered":"Sac \u00e0 bandouli\u00e8re Hob (261 \/ W \/ BARK)"},"content":{"rendered":"<p>Sac \u00e0 bandouli\u00e8re souple et fronc\u00e9 en similicuir taupe brillant froiss\u00e9, avec une sangle en coton ton sur ton et une doublure matelass\u00e9e beige.<\/p>\n<ul>\n<li>Sac \u00e0 bandouli\u00e8re<\/li>\n<li>Doublure matelass\u00e9e avec poche int\u00e9rieure zipp\u00e9e<\/li>\n<li>Fermeture \u00e0 cordon et aimant<\/li>\n<li>Sangle en coton amovible et r\u00e9glable<\/li>\n<li>Attaches argent\u00e9es avec d\u00e9tails en corde<\/li>\n<li>Dimensions : 39 x 16 x 53 cm<\/li>\n<li>Longueur maximale de la sangle : 95 cm<\/li>\n<\/ul>\n","protected":false},"excerpt":{"rendered":"<p>Sac \u00e0 bandouli\u00e8re souple et fronc\u00e9 en similicuir taupe brillant froiss\u00e9, avec une sangle en coton ton sur ton et une doublure matelass\u00e9e beige. Sac \u00e0 bandouli\u00e8re Doublure matelass\u00e9e avec poche int\u00e9rieure zipp\u00e9e Fermeture \u00e0 cordon et aimant Sangle en coton amovible et r\u00e9glable Attaches argent\u00e9es avec d\u00e9tails en corde Dimensions : 39 x 16 [&hellip;]<\/p>\n","protected":false},"featured_media":4138152,"comment_status":"open","ping_status":"closed","template":"","meta":[],"product_brand":[2529],"product_cat":[],"product_tag":[],"acf":[],"_links":{"self":[{"href":"https:\/\/streetmarkets.fr\/app\/wp-json\/wp\/v2\/product\/4049176"}],"collection":[{"href":"https:\/\/streetmarkets.fr\/app\/wp-json\/wp\/v2\/product"}],"about":[{"href":"https:\/\/streetmarkets.fr\/app\/wp-json\/wp\/v2\/types\/product"}],"replies":[{"embeddable":true,"href":"https:\/\/streetmarkets.fr\/app\/wp-json\/wp\/v2\/comments?post=4049176"}],"wp:featuredmedia":[{"embeddable":true,"href":"https:\/\/streetmarkets.fr\/app\/wp-json\/wp\/v2\/media\/4138152"}],"wp:attachment":[{"href":"https:\/\/streetmarkets.fr\/app\/wp-json\/wp\/v2\/media?parent=4049176"}],"wp:term":[{"taxonomy":"product_brand","embeddable":true,"href":"https:\/\/streetmarkets.fr\/app\/wp-json\/wp\/v2\/product_brand?post=4049176"},{"taxonomy":"product_cat","embeddable":true,"href":"https:\/\/streetmarkets.fr\/app\/wp-json\/wp\/v2\/product_cat?post=4049176"},{"taxonomy":"product_tag","embeddable":true,"href":"https:\/\/streetmarkets.fr\/app\/wp-json\/wp\/v2\/product_tag?post=4049176"}],"curies":[{"name":"wp","href":"https:\/\/api.w.org\/{rel}","templated":true}]}}