{"id":4049140,"date":"2026-04-30T02:29:00","date_gmt":"2026-04-30T00:29:00","guid":{"rendered":"https:\/\/streetmarkets.fr\/app\/produit\/sac-a-bandouliere-matelasse-helcro-261-w-cream\/"},"modified":"2026-05-03T02:31:26","modified_gmt":"2026-05-03T00:31:26","slug":"sac-a-bandouliere-matelasse-helcro-261-w-cream","status":"publish","type":"product","link":"https:\/\/streetmarkets.fr\/app\/produit\/sac-a-bandouliere-matelasse-helcro-261-w-cream\/","title":{"rendered":"Sac \u00e0 bandouli\u00e8re matelass\u00e9 Helcro (261 \/ W \/ CREAM)"},"content":{"rendered":"<p>Sac \u00e0 bandouli\u00e8re matelass\u00e9 en similicuir cr\u00e8me avec une finition textur\u00e9e, une doublure kaki et deux sets de poign\u00e9es.<\/p>\n<ul>\n<li>Sac \u00e0 bandouli\u00e8re matelass\u00e9<\/li>\n<li>Poign\u00e9es en corde<\/li>\n<li>Sangle amovible<\/li>\n<li>Poche zipp\u00e9e<\/li>\n<li>Fermeture \u00e0 bouton-pression<\/li>\n<li>Longueur des poign\u00e9es : 18 cm<\/li>\n<li>Dimensions : 19,5 x 21 x 9 cm<\/li>\n<li>Longueur maximale de la sangle : 120 cm<\/li>\n<\/ul>\n","protected":false},"excerpt":{"rendered":"<p>Sac \u00e0 bandouli\u00e8re matelass\u00e9 en similicuir cr\u00e8me avec une finition textur\u00e9e, une doublure kaki et deux sets de poign\u00e9es. Sac \u00e0 bandouli\u00e8re matelass\u00e9 Poign\u00e9es en corde Sangle amovible Poche zipp\u00e9e Fermeture \u00e0 bouton-pression Longueur des poign\u00e9es : 18 cm Dimensions : 19,5 x 21 x 9 cm Longueur maximale de la sangle : 120 cm<\/p>\n","protected":false},"featured_media":4069692,"comment_status":"open","ping_status":"closed","template":"","meta":[],"product_brand":[2529],"product_cat":[],"product_tag":[],"acf":[],"_links":{"self":[{"href":"https:\/\/streetmarkets.fr\/app\/wp-json\/wp\/v2\/product\/4049140"}],"collection":[{"href":"https:\/\/streetmarkets.fr\/app\/wp-json\/wp\/v2\/product"}],"about":[{"href":"https:\/\/streetmarkets.fr\/app\/wp-json\/wp\/v2\/types\/product"}],"replies":[{"embeddable":true,"href":"https:\/\/streetmarkets.fr\/app\/wp-json\/wp\/v2\/comments?post=4049140"}],"wp:featuredmedia":[{"embeddable":true,"href":"https:\/\/streetmarkets.fr\/app\/wp-json\/wp\/v2\/media\/4069692"}],"wp:attachment":[{"href":"https:\/\/streetmarkets.fr\/app\/wp-json\/wp\/v2\/media?parent=4049140"}],"wp:term":[{"taxonomy":"product_brand","embeddable":true,"href":"https:\/\/streetmarkets.fr\/app\/wp-json\/wp\/v2\/product_brand?post=4049140"},{"taxonomy":"product_cat","embeddable":true,"href":"https:\/\/streetmarkets.fr\/app\/wp-json\/wp\/v2\/product_cat?post=4049140"},{"taxonomy":"product_tag","embeddable":true,"href":"https:\/\/streetmarkets.fr\/app\/wp-json\/wp\/v2\/product_tag?post=4049140"}],"curies":[{"name":"wp","href":"https:\/\/api.w.org\/{rel}","templated":true}]}}