{"id":4049127,"date":"2026-04-30T02:28:59","date_gmt":"2026-04-30T00:28:59","guid":{"rendered":"https:\/\/streetmarkets.fr\/app\/produit\/pull-en-angora-dime-261-w-salsa\/"},"modified":"2026-05-17T02:31:33","modified_gmt":"2026-05-17T00:31:33","slug":"pull-en-angora-dime-261-w-salsa","status":"publish","type":"product","link":"https:\/\/streetmarkets.fr\/app\/produit\/pull-en-angora-dime-261-w-salsa\/","title":{"rendered":"Pull en angora Dime (261 \/ W \/ SALSA)"},"content":{"rendered":"<p>Pull doux en m\u00e9lange d&#8217;angora rouge, coupe d\u00e9contract\u00e9e, col rond et manches mi-longues.<\/p>\n<ul>\n<li><b>Taille normalement<\/b><\/li>\n<li>Coupe d\u00e9contract\u00e9e : offre plus d\u2019aisance au niveau de la poitrine et des \u00e9paules pour un confort optimal.<\/li>\n<li>Col rond<\/li>\n<li>Manches mi-longues<\/li>\n<li>Texture douce et moelleuse<\/li>\n<li>M\u00e9lange d&#8217;angora<\/li>\n<li>Jauge moyenne, 1 fil<\/li>\n<\/ul>\n","protected":false},"excerpt":{"rendered":"<p>Pull doux en m\u00e9lange d&#8217;angora rouge, coupe d\u00e9contract\u00e9e, col rond et manches mi-longues. Taille normalement Coupe d\u00e9contract\u00e9e : offre plus d\u2019aisance au niveau de la poitrine et des \u00e9paules pour un confort optimal. Col rond Manches mi-longues Texture douce et moelleuse M\u00e9lange d&#8217;angora Jauge moyenne, 1 fil<\/p>\n","protected":false},"featured_media":4148171,"comment_status":"open","ping_status":"closed","template":"","meta":[],"product_brand":[2529],"product_cat":[],"product_tag":[],"acf":[],"_links":{"self":[{"href":"https:\/\/streetmarkets.fr\/app\/wp-json\/wp\/v2\/product\/4049127"}],"collection":[{"href":"https:\/\/streetmarkets.fr\/app\/wp-json\/wp\/v2\/product"}],"about":[{"href":"https:\/\/streetmarkets.fr\/app\/wp-json\/wp\/v2\/types\/product"}],"replies":[{"embeddable":true,"href":"https:\/\/streetmarkets.fr\/app\/wp-json\/wp\/v2\/comments?post=4049127"}],"wp:featuredmedia":[{"embeddable":true,"href":"https:\/\/streetmarkets.fr\/app\/wp-json\/wp\/v2\/media\/4148171"}],"wp:attachment":[{"href":"https:\/\/streetmarkets.fr\/app\/wp-json\/wp\/v2\/media?parent=4049127"}],"wp:term":[{"taxonomy":"product_brand","embeddable":true,"href":"https:\/\/streetmarkets.fr\/app\/wp-json\/wp\/v2\/product_brand?post=4049127"},{"taxonomy":"product_cat","embeddable":true,"href":"https:\/\/streetmarkets.fr\/app\/wp-json\/wp\/v2\/product_cat?post=4049127"},{"taxonomy":"product_tag","embeddable":true,"href":"https:\/\/streetmarkets.fr\/app\/wp-json\/wp\/v2\/product_tag?post=4049127"}],"curies":[{"name":"wp","href":"https:\/\/api.w.org\/{rel}","templated":true}]}}