{"id":4049013,"date":"2026-04-30T02:28:42","date_gmt":"2026-04-30T00:28:42","guid":{"rendered":"https:\/\/streetmarkets.fr\/app\/produit\/t-shirt-a-manches-courtes-voss-261-w-fluo-pink\/"},"modified":"2026-05-07T02:30:25","modified_gmt":"2026-05-07T00:30:25","slug":"t-shirt-a-manches-courtes-voss-261-w-fluo-pink","status":"publish","type":"product","link":"https:\/\/streetmarkets.fr\/app\/produit\/t-shirt-a-manches-courtes-voss-261-w-fluo-pink\/","title":{"rendered":"T-shirt \u00e0 manches courtes Voss (261 \/ W \/ FLUO PINK)"},"content":{"rendered":"<p>T-shirt court rose fluo \u00e0 manches courtes avec d\u00e9tail \u00ab bb \u00bb brod\u00e9.<\/p>\n<ul>\n<li>Coupe courte et d\u00e9contract\u00e9e<\/li>\n<li>Col rond<\/li>\n<li>\u00c9paules tombantes<\/li>\n<li>Manches courtes<\/li>\n<li>Logo \u00ab bb \u00bb brod\u00e9 en bas \u00e0 droite<\/li>\n<li>Conseil d\u2019entretien : Les couleurs fluorescentes sont sensibles \u00e0 la lumi\u00e8re et au lavage. Pour pr\u00e9server la couleur, \u00e9vitez l\u2019exposition directe au soleil et limitez les lavages r\u00e9p\u00e9t\u00e9s.<\/li>\n<\/ul>\n","protected":false},"excerpt":{"rendered":"<p>T-shirt court rose fluo \u00e0 manches courtes avec d\u00e9tail \u00ab bb \u00bb brod\u00e9. Coupe courte et d\u00e9contract\u00e9e Col rond \u00c9paules tombantes Manches courtes Logo \u00ab bb \u00bb brod\u00e9 en bas \u00e0 droite Conseil d\u2019entretien : Les couleurs fluorescentes sont sensibles \u00e0 la lumi\u00e8re et au lavage. Pour pr\u00e9server la couleur, \u00e9vitez l\u2019exposition directe au soleil [&hellip;]<\/p>\n","protected":false},"featured_media":4093453,"comment_status":"open","ping_status":"closed","template":"","meta":[],"product_brand":[2529],"product_cat":[],"product_tag":[],"acf":[],"_links":{"self":[{"href":"https:\/\/streetmarkets.fr\/app\/wp-json\/wp\/v2\/product\/4049013"}],"collection":[{"href":"https:\/\/streetmarkets.fr\/app\/wp-json\/wp\/v2\/product"}],"about":[{"href":"https:\/\/streetmarkets.fr\/app\/wp-json\/wp\/v2\/types\/product"}],"replies":[{"embeddable":true,"href":"https:\/\/streetmarkets.fr\/app\/wp-json\/wp\/v2\/comments?post=4049013"}],"wp:featuredmedia":[{"embeddable":true,"href":"https:\/\/streetmarkets.fr\/app\/wp-json\/wp\/v2\/media\/4093453"}],"wp:attachment":[{"href":"https:\/\/streetmarkets.fr\/app\/wp-json\/wp\/v2\/media?parent=4049013"}],"wp:term":[{"taxonomy":"product_brand","embeddable":true,"href":"https:\/\/streetmarkets.fr\/app\/wp-json\/wp\/v2\/product_brand?post=4049013"},{"taxonomy":"product_cat","embeddable":true,"href":"https:\/\/streetmarkets.fr\/app\/wp-json\/wp\/v2\/product_cat?post=4049013"},{"taxonomy":"product_tag","embeddable":true,"href":"https:\/\/streetmarkets.fr\/app\/wp-json\/wp\/v2\/product_tag?post=4049013"}],"curies":[{"name":"wp","href":"https:\/\/api.w.org\/{rel}","templated":true}]}}