{"id":4049000,"date":"2026-04-30T02:28:41","date_gmt":"2026-04-30T00:28:41","guid":{"rendered":"https:\/\/streetmarkets.fr\/app\/produit\/blouse-a-rayures-cherry-261-w-stripe-a\/"},"modified":"2026-05-11T02:40:42","modified_gmt":"2026-05-11T00:40:42","slug":"blouse-a-rayures-cherry-261-w-stripe-a","status":"publish","type":"product","link":"https:\/\/streetmarkets.fr\/app\/produit\/blouse-a-rayures-cherry-261-w-stripe-a\/","title":{"rendered":"Blouse \u00e0 rayures Cherry (261 \/ W \/ STRIPE A)"},"content":{"rendered":"<p>Blouse ray\u00e9e d\u00e9contract\u00e9e vert \u00e9meraude \u00e0 rayures verticales vert clair, avec \u00e9paules fronc\u00e9es et manches longues bouffantes \u00e0 poignets \u00e9lastiqu\u00e9s.<\/p>\n<ul>\n<li>Coupe d\u00e9contract\u00e9e et carr\u00e9e<\/li>\n<li>Col mao<\/li>\n<li>Boutonnage sur le devant<\/li>\n<li>Manches longues bouffantes<\/li>\n<li>Poignets \u00e9lastiqu\u00e9s<\/li>\n<li>\u00c9paules fronc\u00e9es<\/li>\n<li>Vert emeraude avec rayures vertes claires<\/li>\n<li>Coton l\u00e9ger<\/li>\n<\/ul>\n","protected":false},"excerpt":{"rendered":"<p>Blouse ray\u00e9e d\u00e9contract\u00e9e vert \u00e9meraude \u00e0 rayures verticales vert clair, avec \u00e9paules fronc\u00e9es et manches longues bouffantes \u00e0 poignets \u00e9lastiqu\u00e9s. Coupe d\u00e9contract\u00e9e et carr\u00e9e Col mao Boutonnage sur le devant Manches longues bouffantes Poignets \u00e9lastiqu\u00e9s \u00c9paules fronc\u00e9es Vert emeraude avec rayures vertes claires Coton l\u00e9ger<\/p>\n","protected":false},"featured_media":4115634,"comment_status":"open","ping_status":"closed","template":"","meta":[],"product_brand":[2529],"product_cat":[],"product_tag":[],"acf":[],"_links":{"self":[{"href":"https:\/\/streetmarkets.fr\/app\/wp-json\/wp\/v2\/product\/4049000"}],"collection":[{"href":"https:\/\/streetmarkets.fr\/app\/wp-json\/wp\/v2\/product"}],"about":[{"href":"https:\/\/streetmarkets.fr\/app\/wp-json\/wp\/v2\/types\/product"}],"replies":[{"embeddable":true,"href":"https:\/\/streetmarkets.fr\/app\/wp-json\/wp\/v2\/comments?post=4049000"}],"wp:featuredmedia":[{"embeddable":true,"href":"https:\/\/streetmarkets.fr\/app\/wp-json\/wp\/v2\/media\/4115634"}],"wp:attachment":[{"href":"https:\/\/streetmarkets.fr\/app\/wp-json\/wp\/v2\/media?parent=4049000"}],"wp:term":[{"taxonomy":"product_brand","embeddable":true,"href":"https:\/\/streetmarkets.fr\/app\/wp-json\/wp\/v2\/product_brand?post=4049000"},{"taxonomy":"product_cat","embeddable":true,"href":"https:\/\/streetmarkets.fr\/app\/wp-json\/wp\/v2\/product_cat?post=4049000"},{"taxonomy":"product_tag","embeddable":true,"href":"https:\/\/streetmarkets.fr\/app\/wp-json\/wp\/v2\/product_tag?post=4049000"}],"curies":[{"name":"wp","href":"https:\/\/api.w.org\/{rel}","templated":true}]}}